{"id":8870,"date":"2023-11-08T15:36:37","date_gmt":"2023-11-08T14:36:37","guid":{"rendered":"https:\/\/hiimkate.com\/?post_type=product&#038;p=8870"},"modified":"2025-12-15T11:12:15","modified_gmt":"2025-12-15T10:12:15","slug":"sukienka-mieniaca-sie-zlotem-glamorous","status":"publish","type":"product","link":"https:\/\/hiimkate.com\/index.php\/produkt\/sukienka-mieniaca-sie-zlotem-glamorous\/","title":{"rendered":"Sukienka mieni\u0105ca si\u0119 z\u0142otem &#8211; GLAMOROUS"},"content":{"rendered":"","protected":false},"excerpt":{"rendered":"<p>Sukienka mieni\u0105ca si\u0119 z\u0142otem &#8211; GLAMOROUS dost\u0119pna limitowanie \u2728\ud83d\udcab<\/p>\n<p>Sukienka wykonana z mi\u0119ciutkiego weluru b\u0142yszcz\u0105cego si\u0119 nieziemsko \u2665\ufe0f<\/p>\n<p>Urokliwe guziczki per\u0142owe z przodu dodaj\u0105 tylko \u015bwietno\u015bci \ud83d\udcab<\/p>\n<p>Idealna na wszelkie okazje &#8211; zbli\u017caj\u0105ce si\u0119 \u015bwi\u0119ta, sylwestra, a tak\u017ce wszelkie urodziny, imieniny i chrzty \u2665\ufe0f<\/p>\n","protected":false},"featured_media":6475,"comment_status":"open","ping_status":"closed","template":"","meta":[],"product_cat":[55],"product_tag":[],"class_list":{"0":"post-8870","1":"product","2":"type-product","3":"status-publish","4":"has-post-thumbnail","6":"product_cat-sukienki-dla-dziewczynek","8":"first","9":"instock","10":"taxable","11":"shipping-taxable","12":"purchasable","13":"product-type-variable"},"jetpack_sharing_enabled":true,"_links":{"self":[{"href":"https:\/\/hiimkate.com\/index.php\/wp-json\/wp\/v2\/product\/8870"}],"collection":[{"href":"https:\/\/hiimkate.com\/index.php\/wp-json\/wp\/v2\/product"}],"about":[{"href":"https:\/\/hiimkate.com\/index.php\/wp-json\/wp\/v2\/types\/product"}],"replies":[{"embeddable":true,"href":"https:\/\/hiimkate.com\/index.php\/wp-json\/wp\/v2\/comments?post=8870"}],"wp:featuredmedia":[{"embeddable":true,"href":"https:\/\/hiimkate.com\/index.php\/wp-json\/wp\/v2\/media\/6475"}],"wp:attachment":[{"href":"https:\/\/hiimkate.com\/index.php\/wp-json\/wp\/v2\/media?parent=8870"}],"wp:term":[{"taxonomy":"product_cat","embeddable":true,"href":"https:\/\/hiimkate.com\/index.php\/wp-json\/wp\/v2\/product_cat?post=8870"},{"taxonomy":"product_tag","embeddable":true,"href":"https:\/\/hiimkate.com\/index.php\/wp-json\/wp\/v2\/product_tag?post=8870"}],"curies":[{"name":"wp","href":"https:\/\/api.w.org\/{rel}","templated":true}]}}