{"id":7943,"date":"2023-07-12T22:21:50","date_gmt":"2023-07-12T20:21:50","guid":{"rendered":"https:\/\/hiimkate.com\/?post_type=product&#038;p=7943"},"modified":"2023-07-12T23:04:08","modified_gmt":"2023-07-12T21:04:08","slug":"bloomersy-premium-pastel-roses","status":"publish","type":"product","link":"https:\/\/hiimkate.com\/index.php\/produkt\/bloomersy-premium-pastel-roses\/","title":{"rendered":"Bloomersy premium PASTEL ROSES"},"content":{"rendered":"","protected":false},"excerpt":{"rendered":"<p>Bloomersy wykonane ze staranno\u015bci\u0105 z bawe\u0142nianego materia\u0142u o jako\u015bci premium! Super sk\u0142ad bawe\u0142na z elastanem! KOCHAMY DETALE \ud83d\udc97<\/p>\n<p>Dodatkiem do bloomers\u00f3w mo\u017ce by\u0107 kokardka na g\u0142\u00f3wk\u0119 lub naszyta na bloomersy &#8211; aby naby\u0107 taki wariant dodaj do koszyka kokardk\u0119 w wybranej wersji kolorystycznej i daj zna\u0107 czy mamy j\u0105 naszy\u0107 na bloomersy, czy da\u0107 na g\u0142\u00f3wk\u0119 w formie spineczki albo opaski bezuciskowej \ud83d\udc97<\/p>\n<p>Wszystko z ozdobnymi koronkami z materia\u0142\u00f3w bawe\u0142nianych przebadanych pod k\u0105tem maluszk\u00f3w, bezpiecznych, mi\u0119kkich i oddychaj\u0105cych. Dbamy o Wasze pociechy! \ud83d\udc97<\/p>\n","protected":false},"featured_media":7946,"comment_status":"open","ping_status":"closed","template":"","meta":[],"product_cat":[105],"product_tag":[],"class_list":{"0":"post-7943","1":"product","2":"type-product","3":"status-publish","4":"has-post-thumbnail","6":"product_cat-bloomersy-spodnice","8":"first","9":"instock","10":"taxable","11":"shipping-taxable","12":"purchasable","13":"product-type-variable"},"jetpack_sharing_enabled":true,"_links":{"self":[{"href":"https:\/\/hiimkate.com\/index.php\/wp-json\/wp\/v2\/product\/7943"}],"collection":[{"href":"https:\/\/hiimkate.com\/index.php\/wp-json\/wp\/v2\/product"}],"about":[{"href":"https:\/\/hiimkate.com\/index.php\/wp-json\/wp\/v2\/types\/product"}],"replies":[{"embeddable":true,"href":"https:\/\/hiimkate.com\/index.php\/wp-json\/wp\/v2\/comments?post=7943"}],"wp:featuredmedia":[{"embeddable":true,"href":"https:\/\/hiimkate.com\/index.php\/wp-json\/wp\/v2\/media\/7946"}],"wp:attachment":[{"href":"https:\/\/hiimkate.com\/index.php\/wp-json\/wp\/v2\/media?parent=7943"}],"wp:term":[{"taxonomy":"product_cat","embeddable":true,"href":"https:\/\/hiimkate.com\/index.php\/wp-json\/wp\/v2\/product_cat?post=7943"},{"taxonomy":"product_tag","embeddable":true,"href":"https:\/\/hiimkate.com\/index.php\/wp-json\/wp\/v2\/product_tag?post=7943"}],"curies":[{"name":"wp","href":"https:\/\/api.w.org\/{rel}","templated":true}]}}