{"id":7843,"date":"2023-07-06T20:04:05","date_gmt":"2023-07-06T18:04:05","guid":{"rendered":"https:\/\/hiimkate.com\/?post_type=product&#038;p=7843"},"modified":"2023-07-06T20:07:19","modified_gmt":"2023-07-06T18:07:19","slug":"bloomersy-premium-butelkowa-zielen","status":"publish","type":"product","link":"https:\/\/hiimkate.com\/index.php\/produkt\/bloomersy-premium-butelkowa-zielen\/","title":{"rendered":"Bloomersy premium BUTELKOWA ZIELE\u0143"},"content":{"rendered":"","protected":false},"excerpt":{"rendered":"<p>Bloomersy wykonane ze staranno\u015bci\u0105 z bawe\u0142nianego mu\u015blinu o jako\u015bci premium! KOCHAMY DETALE \ud83d\udc97<\/p>\n<p>Dodatkiem do rampers\u00f3w mo\u017ce by\u0107 kokardka na g\u0142\u00f3wk\u0119 lub na bloomersy &#8211; aby naby\u0107 taki wariant dodaj do koszyka kokardk\u0119 w wybranej wersji kolorystycznej \ud83d\udc97<\/p>\n<p>Wszystko z ozdobnymi koronkami z materia\u0142\u00f3w bawe\u0142nianych przebadanych pod k\u0105tem maluszk\u00f3w, bezpiecznych, mi\u0119kkich i oddychaj\u0105cych. Dbamy o Wasze pociechy! \ud83d\udc97<\/p>\n","protected":false},"featured_media":7847,"comment_status":"open","ping_status":"closed","template":"","meta":[],"product_cat":[105],"product_tag":[],"class_list":{"0":"post-7843","1":"product","2":"type-product","3":"status-publish","4":"has-post-thumbnail","6":"product_cat-bloomersy-spodnice","8":"first","9":"instock","10":"taxable","11":"shipping-taxable","12":"purchasable","13":"product-type-variable"},"jetpack_sharing_enabled":true,"_links":{"self":[{"href":"https:\/\/hiimkate.com\/index.php\/wp-json\/wp\/v2\/product\/7843"}],"collection":[{"href":"https:\/\/hiimkate.com\/index.php\/wp-json\/wp\/v2\/product"}],"about":[{"href":"https:\/\/hiimkate.com\/index.php\/wp-json\/wp\/v2\/types\/product"}],"replies":[{"embeddable":true,"href":"https:\/\/hiimkate.com\/index.php\/wp-json\/wp\/v2\/comments?post=7843"}],"wp:featuredmedia":[{"embeddable":true,"href":"https:\/\/hiimkate.com\/index.php\/wp-json\/wp\/v2\/media\/7847"}],"wp:attachment":[{"href":"https:\/\/hiimkate.com\/index.php\/wp-json\/wp\/v2\/media?parent=7843"}],"wp:term":[{"taxonomy":"product_cat","embeddable":true,"href":"https:\/\/hiimkate.com\/index.php\/wp-json\/wp\/v2\/product_cat?post=7843"},{"taxonomy":"product_tag","embeddable":true,"href":"https:\/\/hiimkate.com\/index.php\/wp-json\/wp\/v2\/product_tag?post=7843"}],"curies":[{"name":"wp","href":"https:\/\/api.w.org\/{rel}","templated":true}]}}