{"id":5712,"date":"2022-07-23T14:34:19","date_gmt":"2022-07-23T12:34:19","guid":{"rendered":"https:\/\/hiimkate.com\/?post_type=product&#038;p=5712"},"modified":"2025-05-21T19:44:07","modified_gmt":"2025-05-21T17:44:07","slug":"rampers-premium-purple-lilac","status":"publish","type":"product","link":"https:\/\/hiimkate.com\/index.php\/produkt\/rampers-premium-purple-lilac\/","title":{"rendered":"Rampers premium purple lilac"},"content":{"rendered":"","protected":false},"excerpt":{"rendered":"<p>Rampersy wykonane ze staranno\u015bci\u0105 z bawe\u0142nianego materia\u0142u o jako\u015bci premium! Super sk\u0142ad bawe\u0142na z elastanem! KOCHAMY DETALE \ud83d\udc97<\/p>\n<p>Dodatkiem do rampers\u00f3w mo\u017ce by\u0107 kokardka na g\u0142\u00f3wk\u0119 &#8211; aby naby\u0107 taki wariant dodaj do koszyka kokardk\u0119 w wybranej wersji kolorystycznej \ud83d\udc97<\/p>\n<p>Wszystko z ozdobnymi koronkami z materia\u0142\u00f3w bawe\u0142nianych przebadanych pod k\u0105tem maluszk\u00f3w, bezpiecznych, mi\u0119kkich i oddychaj\u0105cych. Dbamy o Wasze pociechy! \ud83d\udc97<\/p>\n","protected":false},"featured_media":5727,"comment_status":"open","ping_status":"closed","template":"","meta":[],"product_cat":[51],"product_tag":[],"class_list":{"0":"post-5712","1":"product","2":"type-product","3":"status-publish","4":"has-post-thumbnail","6":"product_cat-rampersy","8":"first","9":"instock","10":"taxable","11":"shipping-taxable","12":"purchasable","13":"product-type-variable"},"jetpack_sharing_enabled":true,"_links":{"self":[{"href":"https:\/\/hiimkate.com\/index.php\/wp-json\/wp\/v2\/product\/5712"}],"collection":[{"href":"https:\/\/hiimkate.com\/index.php\/wp-json\/wp\/v2\/product"}],"about":[{"href":"https:\/\/hiimkate.com\/index.php\/wp-json\/wp\/v2\/types\/product"}],"replies":[{"embeddable":true,"href":"https:\/\/hiimkate.com\/index.php\/wp-json\/wp\/v2\/comments?post=5712"}],"wp:featuredmedia":[{"embeddable":true,"href":"https:\/\/hiimkate.com\/index.php\/wp-json\/wp\/v2\/media\/5727"}],"wp:attachment":[{"href":"https:\/\/hiimkate.com\/index.php\/wp-json\/wp\/v2\/media?parent=5712"}],"wp:term":[{"taxonomy":"product_cat","embeddable":true,"href":"https:\/\/hiimkate.com\/index.php\/wp-json\/wp\/v2\/product_cat?post=5712"},{"taxonomy":"product_tag","embeddable":true,"href":"https:\/\/hiimkate.com\/index.php\/wp-json\/wp\/v2\/product_tag?post=5712"}],"curies":[{"name":"wp","href":"https:\/\/api.w.org\/{rel}","templated":true}]}}