{"id":5422,"date":"2022-05-28T15:28:49","date_gmt":"2022-05-28T13:28:49","guid":{"rendered":"https:\/\/hiimkate.com\/?post_type=product&#038;p=5422"},"modified":"2025-11-21T14:58:40","modified_gmt":"2025-11-21T13:58:40","slug":"sukienka-golden-rose-haftowana-koronka-premium","status":"publish","type":"product","link":"https:\/\/hiimkate.com\/index.php\/produkt\/sukienka-golden-rose-haftowana-koronka-premium\/","title":{"rendered":"Sukienka GOLDEN ROSE haftowana koronka premium"},"content":{"rendered":"","protected":false},"excerpt":{"rendered":"<p>Sukieneczka GOLDEN ROSE premium z przepi\u0119knego haftowanego tiulu na podszewce w kolorze Waszego ukochanego brudnego r\u00f3\u017cu \ud83d\ude0d<\/p>\n<p>Sukieneczka jest wykonana z materia\u0142o\u0301w bawe\u0142nianych przebadanych pod ka\u0328tem maluszko\u0301w, bezpiecznych, mie\u0328kkich i oddychaja\u0328cych. Dbamy o Wasze pociechy i o Was! \ud83d\ude18<\/p>\n<p>Jest to kolekcja limitowana \ud83c\udf38<\/p>\n<p>Sukienka dla mam ma dwie warstwy falbanek ze wzgl\u0119du na d\u0142ugo\u015b\u0107 \ud83d\ude42<\/p>\n","protected":false},"featured_media":5494,"comment_status":"open","ping_status":"closed","template":"","meta":[],"product_cat":[55],"product_tag":[],"class_list":{"0":"post-5422","1":"product","2":"type-product","3":"status-publish","4":"has-post-thumbnail","6":"product_cat-sukienki-dla-dziewczynek","8":"first","9":"instock","10":"taxable","11":"shipping-taxable","12":"purchasable","13":"product-type-variable"},"jetpack_sharing_enabled":true,"_links":{"self":[{"href":"https:\/\/hiimkate.com\/index.php\/wp-json\/wp\/v2\/product\/5422"}],"collection":[{"href":"https:\/\/hiimkate.com\/index.php\/wp-json\/wp\/v2\/product"}],"about":[{"href":"https:\/\/hiimkate.com\/index.php\/wp-json\/wp\/v2\/types\/product"}],"replies":[{"embeddable":true,"href":"https:\/\/hiimkate.com\/index.php\/wp-json\/wp\/v2\/comments?post=5422"}],"wp:featuredmedia":[{"embeddable":true,"href":"https:\/\/hiimkate.com\/index.php\/wp-json\/wp\/v2\/media\/5494"}],"wp:attachment":[{"href":"https:\/\/hiimkate.com\/index.php\/wp-json\/wp\/v2\/media?parent=5422"}],"wp:term":[{"taxonomy":"product_cat","embeddable":true,"href":"https:\/\/hiimkate.com\/index.php\/wp-json\/wp\/v2\/product_cat?post=5422"},{"taxonomy":"product_tag","embeddable":true,"href":"https:\/\/hiimkate.com\/index.php\/wp-json\/wp\/v2\/product_tag?post=5422"}],"curies":[{"name":"wp","href":"https:\/\/api.w.org\/{rel}","templated":true}]}}