{"id":4963,"date":"2022-05-12T11:45:38","date_gmt":"2022-05-12T09:45:38","guid":{"rendered":"https:\/\/hiimkate.com\/?post_type=product&#038;p=4963"},"modified":"2025-05-21T19:27:43","modified_gmt":"2025-05-21T17:27:43","slug":"komplet-letni-magenta-ze-zlotymi-drobinkami","status":"publish","type":"product","link":"https:\/\/hiimkate.com\/index.php\/produkt\/komplet-letni-magenta-ze-zlotymi-drobinkami\/","title":{"rendered":"Komplet letni BERRY ze z\u0142otymi drobinkami"},"content":{"rendered":"","protected":false},"excerpt":{"rendered":"<p>Komplet letni premium z ozdobn\u0105 koronk\u0105\u00a0\ud83d\udc96<\/p>\n<p>Wykonany ze 100% bawe\u0142nianego mu\u015blinu o jako\u015bci premium z przepi\u0119knymi z\u0142otymi drobinkami, atutem jest wspania\u0142a koronka niezwykle delikatna \u2728<\/p>\n<p>Mo\u017cliwo\u015b\u0107 dokupienia pasuj\u0105cej kokardki na spineczce b\u0105d\u017a opasce bezuciskowej albo doszytej do spodenek lub koszulki &#8211; wybierz dodatkowy wariant i dodaj do koszyka \ud83d\ude42<\/p>\n","protected":false},"featured_media":5051,"comment_status":"open","ping_status":"closed","template":"","meta":[],"product_cat":[180],"product_tag":[],"class_list":{"0":"post-4963","1":"product","2":"type-product","3":"status-publish","4":"has-post-thumbnail","6":"product_cat-komplety-letnie-dla-dziewczynek","8":"first","9":"instock","10":"taxable","11":"shipping-taxable","12":"purchasable","13":"product-type-variable"},"jetpack_sharing_enabled":true,"_links":{"self":[{"href":"https:\/\/hiimkate.com\/index.php\/wp-json\/wp\/v2\/product\/4963"}],"collection":[{"href":"https:\/\/hiimkate.com\/index.php\/wp-json\/wp\/v2\/product"}],"about":[{"href":"https:\/\/hiimkate.com\/index.php\/wp-json\/wp\/v2\/types\/product"}],"replies":[{"embeddable":true,"href":"https:\/\/hiimkate.com\/index.php\/wp-json\/wp\/v2\/comments?post=4963"}],"wp:featuredmedia":[{"embeddable":true,"href":"https:\/\/hiimkate.com\/index.php\/wp-json\/wp\/v2\/media\/5051"}],"wp:attachment":[{"href":"https:\/\/hiimkate.com\/index.php\/wp-json\/wp\/v2\/media?parent=4963"}],"wp:term":[{"taxonomy":"product_cat","embeddable":true,"href":"https:\/\/hiimkate.com\/index.php\/wp-json\/wp\/v2\/product_cat?post=4963"},{"taxonomy":"product_tag","embeddable":true,"href":"https:\/\/hiimkate.com\/index.php\/wp-json\/wp\/v2\/product_tag?post=4963"}],"curies":[{"name":"wp","href":"https:\/\/api.w.org\/{rel}","templated":true}]}}