{"id":4883,"date":"2022-05-01T11:42:58","date_gmt":"2022-05-01T09:42:58","guid":{"rendered":"https:\/\/hiimkate.com\/?post_type=product&#038;p=4883"},"modified":"2025-11-25T18:08:31","modified_gmt":"2025-11-25T17:08:31","slug":"koszulo-sukieneczka-premium-cream","status":"publish","type":"product","link":"https:\/\/hiimkate.com\/index.php\/produkt\/koszulo-sukieneczka-premium-cream\/","title":{"rendered":"Koszulo-sukieneczka premium cream"},"content":{"rendered":"","protected":false},"excerpt":{"rendered":"<p>Koszulo-sukieneczka premium z ozdobn\u0105 koronk\u0105\u00a0\ud83d\udc96<\/p>\n<p>Wykonana ze 100% mu\u015blinu bawe\u0142nianego o jako\u015bci premium, atutem jest wspania\u0142a koronka niezwykle delikatna \u2728<\/p>\n<p>Mo\u017cliwo\u015b\u0107 dokupienia pasuj\u0105cej kokardki na spineczce b\u0105d\u017a opasce bezuciskowej &#8211; wybierz dodatkowy wariant i dodaj do koszyka \ud83d\ude42<\/p>\n","protected":false},"featured_media":4632,"comment_status":"open","ping_status":"closed","template":"","meta":[],"product_cat":[133,55],"product_tag":[],"class_list":{"0":"post-4883","1":"product","2":"type-product","3":"status-publish","4":"has-post-thumbnail","6":"product_cat-sukienki-koszulowe-dla-dziewczynki","7":"product_cat-sukienki-dla-dziewczynek","9":"first","10":"instock","11":"taxable","12":"shipping-taxable","13":"purchasable","14":"product-type-variable"},"jetpack_sharing_enabled":true,"_links":{"self":[{"href":"https:\/\/hiimkate.com\/index.php\/wp-json\/wp\/v2\/product\/4883"}],"collection":[{"href":"https:\/\/hiimkate.com\/index.php\/wp-json\/wp\/v2\/product"}],"about":[{"href":"https:\/\/hiimkate.com\/index.php\/wp-json\/wp\/v2\/types\/product"}],"replies":[{"embeddable":true,"href":"https:\/\/hiimkate.com\/index.php\/wp-json\/wp\/v2\/comments?post=4883"}],"wp:featuredmedia":[{"embeddable":true,"href":"https:\/\/hiimkate.com\/index.php\/wp-json\/wp\/v2\/media\/4632"}],"wp:attachment":[{"href":"https:\/\/hiimkate.com\/index.php\/wp-json\/wp\/v2\/media?parent=4883"}],"wp:term":[{"taxonomy":"product_cat","embeddable":true,"href":"https:\/\/hiimkate.com\/index.php\/wp-json\/wp\/v2\/product_cat?post=4883"},{"taxonomy":"product_tag","embeddable":true,"href":"https:\/\/hiimkate.com\/index.php\/wp-json\/wp\/v2\/product_tag?post=4883"}],"curies":[{"name":"wp","href":"https:\/\/api.w.org\/{rel}","templated":true}]}}