{"id":4554,"date":"2022-04-14T15:21:20","date_gmt":"2022-04-14T13:21:20","guid":{"rendered":"https:\/\/hiimkate.com\/?post_type=product&#038;p=4554"},"modified":"2024-03-18T05:26:25","modified_gmt":"2024-03-18T04:26:25","slug":"sweterek-leaves","status":"publish","type":"product","link":"https:\/\/hiimkate.com\/index.php\/produkt\/sweterek-leaves\/","title":{"rendered":"Sweterek PREMIUM Leaves"},"content":{"rendered":"","protected":false},"excerpt":{"rendered":"<p>\u2728 Sweterek Leaves \ud83c\udf43 \ud83d\udc95<\/p>\n<p>Zestawy sweterk\u00f3w <a class=\" xil3i\" tabindex=\"0\" href=\"https:\/\/www.instagram.com\/explore\/tags\/matchymatchy\/\">#matchymatchy<\/a> ju\u017c dost\u0119pne \ud83d\udc95 niepowtarzalny polski handmade! \ud83d\udc96\u2728<\/p>\n<p>Wykonane s\u0105 z W\u0142\u00f3czki DROPS Merino Extra Fine prz\u0119dzionej technik\u0105 cable spun, sk\u0142ada si\u0119 w 100% z we\u0142ny merynosa, kt\u00f3ra jest pozyskiwana ze zwierz\u0105t hodowanych na wolno\u015bci w Ameryce Po\u0142udniowej. Odzie\u017c wykonana z tej prz\u0119dzy jest bardzo wygodna i charakteryzuje si\u0119 \u015bwietn\u0105 jako\u015bci\u0105 powierzchni. DROPS Merino Extra Fine jest \u0142agodna dla sk\u00f3ry, a wi\u0119c idealna dla niemowl\u0105t i dla dzieci oraz dla ich mam! \ud83d\ude0a<\/p>\n<p>Sweterek mo\u017cna kupowa\u0107 w kompletach mama i c\u00f3reczka oraz sama c\u00f3reczka albo sama mama \ud83d\udc96\u2728<\/p>\n<p>Dost\u0119pne r\u00f3\u017cne wersje kolorystyczne \ud83d\udc95<\/p>\n","protected":false},"featured_media":4563,"comment_status":"open","ping_status":"closed","template":"","meta":[],"product_cat":[96],"product_tag":[],"class_list":{"0":"post-4554","1":"product","2":"type-product","3":"status-publish","4":"has-post-thumbnail","6":"product_cat-swetry-dla-dzieci-handmade","8":"first","9":"instock","10":"taxable","11":"shipping-taxable","12":"purchasable","13":"product-type-variable"},"jetpack_sharing_enabled":true,"_links":{"self":[{"href":"https:\/\/hiimkate.com\/index.php\/wp-json\/wp\/v2\/product\/4554"}],"collection":[{"href":"https:\/\/hiimkate.com\/index.php\/wp-json\/wp\/v2\/product"}],"about":[{"href":"https:\/\/hiimkate.com\/index.php\/wp-json\/wp\/v2\/types\/product"}],"replies":[{"embeddable":true,"href":"https:\/\/hiimkate.com\/index.php\/wp-json\/wp\/v2\/comments?post=4554"}],"wp:featuredmedia":[{"embeddable":true,"href":"https:\/\/hiimkate.com\/index.php\/wp-json\/wp\/v2\/media\/4563"}],"wp:attachment":[{"href":"https:\/\/hiimkate.com\/index.php\/wp-json\/wp\/v2\/media?parent=4554"}],"wp:term":[{"taxonomy":"product_cat","embeddable":true,"href":"https:\/\/hiimkate.com\/index.php\/wp-json\/wp\/v2\/product_cat?post=4554"},{"taxonomy":"product_tag","embeddable":true,"href":"https:\/\/hiimkate.com\/index.php\/wp-json\/wp\/v2\/product_tag?post=4554"}],"curies":[{"name":"wp","href":"https:\/\/api.w.org\/{rel}","templated":true}]}}