{"id":4453,"date":"2022-04-14T14:00:22","date_gmt":"2022-04-14T12:00:22","guid":{"rendered":"https:\/\/hiimkate.com\/?post_type=product&#038;p=4453"},"modified":"2025-11-25T18:33:28","modified_gmt":"2025-11-25T17:33:28","slug":"stroj-kapielowy-ecru","status":"publish","type":"product","link":"https:\/\/hiimkate.com\/index.php\/produkt\/stroj-kapielowy-ecru\/","title":{"rendered":"Str\u00f3j k\u0105pielowy ecru"},"content":{"rendered":"","protected":false},"excerpt":{"rendered":"<p>Rampersy stroje k\u0105pielowe wykonane ze staranno\u015bci\u0105, jako\u015b\u0107 premium! KOCHAMY DETALE \ud83d\udc97<\/p>\n<p>Dodatkiem do rampers\u00f3w mo\u017ce by\u0107 kokardka na g\u0142\u00f3wk\u0119 &#8211; aby naby\u0107 taki wariant dodaj do koszyka kokardk\u0119 w wybranej wersji kolorystycznej &#8211; mo\u017ce by\u0107 na opasce bezuciskowej albo na spineczce albo na gumce do w\u0142os\u00f3w \ud83d\udc97<\/p>\n<p>Rampersy maj\u0105 regulowane rami\u0105czka, dzi\u0119ki czemu rosn\u0105 razem z dzieckiem! <\/p>\n<p>Materia\u0142 jest mi\u0142y w dotyku<\/p>\n<p>Dbamy o Wasze pociechy! \ud83d\udc97<\/p>\n","protected":false},"featured_media":13114,"comment_status":"open","ping_status":"closed","template":"","meta":[],"product_cat":[51,52],"product_tag":[],"class_list":{"0":"post-4453","1":"product","2":"type-product","3":"status-publish","4":"has-post-thumbnail","6":"product_cat-rampersy","7":"product_cat-stroje-kapielowe-dla-niemowlat","9":"first","10":"instock","11":"taxable","12":"shipping-taxable","13":"purchasable","14":"product-type-variable"},"jetpack_sharing_enabled":true,"_links":{"self":[{"href":"https:\/\/hiimkate.com\/index.php\/wp-json\/wp\/v2\/product\/4453"}],"collection":[{"href":"https:\/\/hiimkate.com\/index.php\/wp-json\/wp\/v2\/product"}],"about":[{"href":"https:\/\/hiimkate.com\/index.php\/wp-json\/wp\/v2\/types\/product"}],"replies":[{"embeddable":true,"href":"https:\/\/hiimkate.com\/index.php\/wp-json\/wp\/v2\/comments?post=4453"}],"wp:featuredmedia":[{"embeddable":true,"href":"https:\/\/hiimkate.com\/index.php\/wp-json\/wp\/v2\/media\/13114"}],"wp:attachment":[{"href":"https:\/\/hiimkate.com\/index.php\/wp-json\/wp\/v2\/media?parent=4453"}],"wp:term":[{"taxonomy":"product_cat","embeddable":true,"href":"https:\/\/hiimkate.com\/index.php\/wp-json\/wp\/v2\/product_cat?post=4453"},{"taxonomy":"product_tag","embeddable":true,"href":"https:\/\/hiimkate.com\/index.php\/wp-json\/wp\/v2\/product_tag?post=4453"}],"curies":[{"name":"wp","href":"https:\/\/api.w.org\/{rel}","templated":true}]}}