{"id":3066,"date":"2021-05-08T18:53:08","date_gmt":"2021-05-08T16:53:08","guid":{"rendered":"https:\/\/hiimkate.com\/?post_type=product&#038;p=3066"},"modified":"2025-04-11T15:31:46","modified_gmt":"2025-04-11T13:31:46","slug":"baby-balerinki-love","status":"publish","type":"product","link":"https:\/\/hiimkate.com\/index.php\/produkt\/baby-balerinki-love\/","title":{"rendered":"Baby Balerinki LOVE lavender"},"content":{"rendered":"","protected":false},"excerpt":{"rendered":"<p>Baby Buciki to wykonane z najwi\u0119ksz\u0105 staranno\u015bci\u0105 i dba\u0142o\u015bci\u0105 o najmniejsze szczeg\u00f3\u0142y.<\/p>\n<p>Idealne do naszych kreacji, nie gryz\u0105, s\u0105 mi\u0119kkie i mi\u0142e w dotyku.<\/p>\n<p>N\u00f3\u017cka maluszka mo\u017ce swobodnie w nich oddycha\u0107 &#8211; nie poci si\u0119.<\/p>\n<p>Sprawdz\u0105 si\u0119 jako prezent na baby shower, na roczek, do sesji zdj\u0119ciowych, a tak\u017ce jako codzienne dope\u0142nienie stylizacji.<\/p>\n<p>UWAGA!<\/p>\n<p>Prosz\u0119 zmierz maluszkowi st\u00f3pk\u0119 na p\u0142asko dok\u0142adnie i nie wybieraj wi\u0119kszego rozmiaru, bo i tak zawsze robimy troszk\u0119 wi\u0119ksze buciki aby nie cisn\u0119\u0142y \ud83d\ude42<\/p>\n<p>ps. Napisz nam w komentarzu czy chcesz wi\u0105zanie z w\u0142\u00f3czki, czy wst\u0105\u017ck\u0105, bez tej informacji wy\u015blemy losowo \ud83d\ude42<\/p>\n","protected":false},"featured_media":3033,"comment_status":"open","ping_status":"closed","template":"","meta":[],"product_cat":[148],"product_tag":[],"class_list":{"0":"post-3066","1":"product","2":"type-product","3":"status-publish","4":"has-post-thumbnail","6":"product_cat-balerinki-niemowlece","8":"first","9":"instock","10":"taxable","11":"shipping-taxable","12":"purchasable","13":"product-type-variable"},"jetpack_sharing_enabled":true,"_links":{"self":[{"href":"https:\/\/hiimkate.com\/index.php\/wp-json\/wp\/v2\/product\/3066"}],"collection":[{"href":"https:\/\/hiimkate.com\/index.php\/wp-json\/wp\/v2\/product"}],"about":[{"href":"https:\/\/hiimkate.com\/index.php\/wp-json\/wp\/v2\/types\/product"}],"replies":[{"embeddable":true,"href":"https:\/\/hiimkate.com\/index.php\/wp-json\/wp\/v2\/comments?post=3066"}],"wp:featuredmedia":[{"embeddable":true,"href":"https:\/\/hiimkate.com\/index.php\/wp-json\/wp\/v2\/media\/3033"}],"wp:attachment":[{"href":"https:\/\/hiimkate.com\/index.php\/wp-json\/wp\/v2\/media?parent=3066"}],"wp:term":[{"taxonomy":"product_cat","embeddable":true,"href":"https:\/\/hiimkate.com\/index.php\/wp-json\/wp\/v2\/product_cat?post=3066"},{"taxonomy":"product_tag","embeddable":true,"href":"https:\/\/hiimkate.com\/index.php\/wp-json\/wp\/v2\/product_tag?post=3066"}],"curies":[{"name":"wp","href":"https:\/\/api.w.org\/{rel}","templated":true}]}}