{"id":2427,"date":"2021-04-02T21:38:15","date_gmt":"2021-04-02T19:38:15","guid":{"rendered":"https:\/\/hiimkate.com\/?post_type=product&#038;p=2427"},"modified":"2026-02-13T19:24:44","modified_gmt":"2026-02-13T18:24:44","slug":"kokardka","status":"publish","type":"product","link":"https:\/\/hiimkate.com\/index.php\/produkt\/kokardka\/","title":{"rendered":"Kokardka"},"content":{"rendered":"","protected":false},"excerpt":{"rendered":"<p>Kokardka mo\u017ce by\u0107 na gumeczce bezuciskowej lub spineczce albo jako dodatek do ubranek (kolor do wyboru)<\/p>\n<p>Napisz nam w komentarzu do zam\u00f3wienia jak\u0105 opcj\u0119 wybierasz &#8211; je\u015bli nie napiszesz nic &#8211; docelowo wy\u015blemy na gumeczce bezuciskowej<\/p>\n<p>Opaseczka bezuciskowa white nadaje si\u0119 od noworodka do nawet 10 letniego dziecka, opaseczka mo\u017ce by\u0107 na bia\u0142ej opaseczce albo na frappe (mo\u017cesz napisa\u0107 w komentarzu, kt\u00f3r\u0105 wolisz, je\u015bli nie napiszesz wysy\u0142amy losowo)<\/p>\n","protected":false},"featured_media":2453,"comment_status":"open","ping_status":"closed","template":"","meta":[],"product_cat":[23],"product_tag":[],"class_list":{"0":"post-2427","1":"product","2":"type-product","3":"status-publish","4":"has-post-thumbnail","6":"product_cat-dodatki-akcesoria-dla-dzieci","8":"first","9":"instock","10":"taxable","11":"shipping-taxable","12":"purchasable","13":"product-type-variable"},"jetpack_sharing_enabled":true,"_links":{"self":[{"href":"https:\/\/hiimkate.com\/index.php\/wp-json\/wp\/v2\/product\/2427"}],"collection":[{"href":"https:\/\/hiimkate.com\/index.php\/wp-json\/wp\/v2\/product"}],"about":[{"href":"https:\/\/hiimkate.com\/index.php\/wp-json\/wp\/v2\/types\/product"}],"replies":[{"embeddable":true,"href":"https:\/\/hiimkate.com\/index.php\/wp-json\/wp\/v2\/comments?post=2427"}],"wp:featuredmedia":[{"embeddable":true,"href":"https:\/\/hiimkate.com\/index.php\/wp-json\/wp\/v2\/media\/2453"}],"wp:attachment":[{"href":"https:\/\/hiimkate.com\/index.php\/wp-json\/wp\/v2\/media?parent=2427"}],"wp:term":[{"taxonomy":"product_cat","embeddable":true,"href":"https:\/\/hiimkate.com\/index.php\/wp-json\/wp\/v2\/product_cat?post=2427"},{"taxonomy":"product_tag","embeddable":true,"href":"https:\/\/hiimkate.com\/index.php\/wp-json\/wp\/v2\/product_tag?post=2427"}],"curies":[{"name":"wp","href":"https:\/\/api.w.org\/{rel}","templated":true}]}}