{"id":2314,"date":"2021-03-07T16:04:38","date_gmt":"2021-03-07T15:04:38","guid":{"rendered":"https:\/\/hiimkate.com\/?post_type=product&#038;p=2314"},"modified":"2025-06-19T11:39:15","modified_gmt":"2025-06-19T09:39:15","slug":"body-ozdobna-koronka-brudny-roz-dlugi-rekaw","status":"publish","type":"product","link":"https:\/\/hiimkate.com\/index.php\/produkt\/body-ozdobna-koronka-brudny-roz-dlugi-rekaw\/","title":{"rendered":"Body ozdobn\u0105 koronk\u0105 brudny r\u00f3\u017c kr\u00f3tki r\u0119kaw"},"content":{"rendered":"","protected":false},"excerpt":{"rendered":"<p>Body ozdobne z koronk\u0105 mamy w wersji na d\u0142ugi r\u0119kawek\u2728<\/p>\n<p>Trzy wersje kolorystyczne: biel, pastelowy r\u00f3\u017c i brudny r\u00f3\u017c! \ud83d\udc97<span class=\"Apple-converted-space\">\u00a0<\/span><\/p>\n<p>Wszystko z materia\u0142\u00f3w bawe\u0142nianych przebadanych pod k\u0105tem maluszk\u00f3w, bezpiecznych, mi\u0119kkich i oddychaj\u0105cych. Dbamy o Wasze pociechy! \ud83d\ude18<\/p>\n","protected":false},"featured_media":11511,"comment_status":"open","ping_status":"closed","template":"","meta":[],"product_cat":[44],"product_tag":[],"class_list":{"0":"post-2314","1":"product","2":"type-product","3":"status-publish","4":"has-post-thumbnail","6":"product_cat-body-niemowlece-handmade","8":"first","9":"instock","10":"taxable","11":"shipping-taxable","12":"purchasable","13":"product-type-variable"},"jetpack_sharing_enabled":true,"_links":{"self":[{"href":"https:\/\/hiimkate.com\/index.php\/wp-json\/wp\/v2\/product\/2314"}],"collection":[{"href":"https:\/\/hiimkate.com\/index.php\/wp-json\/wp\/v2\/product"}],"about":[{"href":"https:\/\/hiimkate.com\/index.php\/wp-json\/wp\/v2\/types\/product"}],"replies":[{"embeddable":true,"href":"https:\/\/hiimkate.com\/index.php\/wp-json\/wp\/v2\/comments?post=2314"}],"wp:featuredmedia":[{"embeddable":true,"href":"https:\/\/hiimkate.com\/index.php\/wp-json\/wp\/v2\/media\/11511"}],"wp:attachment":[{"href":"https:\/\/hiimkate.com\/index.php\/wp-json\/wp\/v2\/media?parent=2314"}],"wp:term":[{"taxonomy":"product_cat","embeddable":true,"href":"https:\/\/hiimkate.com\/index.php\/wp-json\/wp\/v2\/product_cat?post=2314"},{"taxonomy":"product_tag","embeddable":true,"href":"https:\/\/hiimkate.com\/index.php\/wp-json\/wp\/v2\/product_tag?post=2314"}],"curies":[{"name":"wp","href":"https:\/\/api.w.org\/{rel}","templated":true}]}}