{"id":1498,"date":"2021-01-04T21:01:55","date_gmt":"2021-01-04T20:01:55","guid":{"rendered":"http:\/\/hiimkate.com\/?post_type=product&#038;p=1498"},"modified":"2023-11-26T13:23:24","modified_gmt":"2023-11-26T12:23:24","slug":"sweterek-100-handmade-premium-dolphin-white","status":"publish","type":"product","link":"https:\/\/hiimkate.com\/index.php\/produkt\/sweterek-100-handmade-premium-dolphin-white\/","title":{"rendered":"Sweterek PREMIUM DOLPHIN SOFT"},"content":{"rendered":"","protected":false},"excerpt":{"rendered":"<p>Sweterek 100% handmade PREMIUM DOLPHIN WHITE<\/p>\n<p class=\"p1\">Niepowtarzalny polski handmade! \ud83d\udc96\u2728<\/p>\n<p>Jedyny taki na rynku sweterek, kt\u00f3ry ro\u015bnie razem z dzieckiem! B\u0119dzie dobry zar\u00f3wno na malucha, jak r\u00f3wnie\u017c w p\u00f3\u017aniejszym czasie na wi\u0119ksze s\u0142odko\u015bci <span class=\"s1\">\ud83d\ude0a<\/span><\/p>\n<p class=\"p1\">Wykonane sa\u0328 z bardzo przyjemnej w dotyku, puszystej i mi\u0119kkiej w\u0142\u00f3czki. Odziez\u0307 wykonana z tej prze\u0328dzy jest bardzo wygodna i charakteryzuje sie\u0328 s\u0301wietna\u0328 jakos\u0301cia\u0328 powierzchni. W\u0142\u00f3czka, z kt\u00f3rego\u00a0 jest sweterek jest \u0142agodna dla sk\u00f3ry, a wie\u0328c idealna dla niemowla\u0328t i dla dzieci oraz dla ich mam! <span class=\"s1\">\ud83d\ude0a<\/span><\/p>\n","protected":false},"featured_media":10255,"comment_status":"open","ping_status":"closed","template":"","meta":[],"product_cat":[96],"product_tag":[],"class_list":{"0":"post-1498","1":"product","2":"type-product","3":"status-publish","4":"has-post-thumbnail","6":"product_cat-swetry-dla-dzieci-handmade","8":"first","9":"instock","10":"taxable","11":"shipping-taxable","12":"purchasable","13":"product-type-variable"},"jetpack_sharing_enabled":true,"_links":{"self":[{"href":"https:\/\/hiimkate.com\/index.php\/wp-json\/wp\/v2\/product\/1498"}],"collection":[{"href":"https:\/\/hiimkate.com\/index.php\/wp-json\/wp\/v2\/product"}],"about":[{"href":"https:\/\/hiimkate.com\/index.php\/wp-json\/wp\/v2\/types\/product"}],"replies":[{"embeddable":true,"href":"https:\/\/hiimkate.com\/index.php\/wp-json\/wp\/v2\/comments?post=1498"}],"wp:featuredmedia":[{"embeddable":true,"href":"https:\/\/hiimkate.com\/index.php\/wp-json\/wp\/v2\/media\/10255"}],"wp:attachment":[{"href":"https:\/\/hiimkate.com\/index.php\/wp-json\/wp\/v2\/media?parent=1498"}],"wp:term":[{"taxonomy":"product_cat","embeddable":true,"href":"https:\/\/hiimkate.com\/index.php\/wp-json\/wp\/v2\/product_cat?post=1498"},{"taxonomy":"product_tag","embeddable":true,"href":"https:\/\/hiimkate.com\/index.php\/wp-json\/wp\/v2\/product_tag?post=1498"}],"curies":[{"name":"wp","href":"https:\/\/api.w.org\/{rel}","templated":true}]}}