{"id":14716,"date":"2026-05-15T11:39:03","date_gmt":"2026-05-15T09:39:03","guid":{"rendered":"https:\/\/hiimkate.com\/?post_type=product&#038;p=14716"},"modified":"2026-05-15T12:17:05","modified_gmt":"2026-05-15T10:17:05","slug":"rampers-premium-soft-milk-muslinowy","status":"publish","type":"product","link":"https:\/\/hiimkate.com\/index.php\/produkt\/rampers-premium-soft-milk-muslinowy\/","title":{"rendered":"Rampers premium Soft Milk mu\u015blinowy"},"content":{"rendered":"","protected":false},"excerpt":{"rendered":"<p>Kolekcja Everyone loves summer \ud83d\udc97<\/p>\n<p>Limitowany drop &#8211; rampers wykonany z przepi\u0119knej tkaniny mu\u015blin bawe\u0142niany w cudownym kolorze kremowym cream  \ud83d\udc97<\/p>\n<p>Rampersy wykonane ze staranno\u015bci\u0105 z bawe\u0142nianego materia\u0142u o jako\u015bci premium! Super sk\u0142ad bawe\u0142niany mu\u015blin! KOCHAMY DETALE \ud83d\udc97<\/p>\n<p>Rampersy s\u0105 ozdobione przepi\u0119kn\u0105 haftowan\u0105 koronk\u0105 \ud83d\udc97<\/p>\n<p>Wszystko z ozdobnymi koronkami z materia\u0142\u00f3w bawe\u0142nianych przebadanych pod k\u0105tem maluszk\u00f3w, bezpiecznych, mi\u0119kkich i oddychaj\u0105cych i z certyfikatami. Dbamy o Wasze pociechy! \ud83d\udc97<\/p>\n<p>Idealnie sprawdzi si\u0119 na takie okazje jak chrzest, roczek, urodziny, wesela, sesje zdj\u0119ciowe, a tak\u017ce po prostu do codziennego u\u017cytku! Maluch b\u0119dzie wygl\u0105da\u0142 wyj\u0105tkowo i fantastycznie! <\/p>\n","protected":false},"featured_media":14732,"comment_status":"open","ping_status":"closed","template":"","meta":[],"product_cat":[51],"product_tag":[],"class_list":{"0":"post-14716","1":"product","2":"type-product","3":"status-publish","4":"has-post-thumbnail","6":"product_cat-rampersy","8":"first","9":"instock","10":"taxable","11":"shipping-taxable","12":"purchasable","13":"product-type-variable"},"jetpack_sharing_enabled":true,"_links":{"self":[{"href":"https:\/\/hiimkate.com\/index.php\/wp-json\/wp\/v2\/product\/14716"}],"collection":[{"href":"https:\/\/hiimkate.com\/index.php\/wp-json\/wp\/v2\/product"}],"about":[{"href":"https:\/\/hiimkate.com\/index.php\/wp-json\/wp\/v2\/types\/product"}],"replies":[{"embeddable":true,"href":"https:\/\/hiimkate.com\/index.php\/wp-json\/wp\/v2\/comments?post=14716"}],"wp:featuredmedia":[{"embeddable":true,"href":"https:\/\/hiimkate.com\/index.php\/wp-json\/wp\/v2\/media\/14732"}],"wp:attachment":[{"href":"https:\/\/hiimkate.com\/index.php\/wp-json\/wp\/v2\/media?parent=14716"}],"wp:term":[{"taxonomy":"product_cat","embeddable":true,"href":"https:\/\/hiimkate.com\/index.php\/wp-json\/wp\/v2\/product_cat?post=14716"},{"taxonomy":"product_tag","embeddable":true,"href":"https:\/\/hiimkate.com\/index.php\/wp-json\/wp\/v2\/product_tag?post=14716"}],"curies":[{"name":"wp","href":"https:\/\/api.w.org\/{rel}","templated":true}]}}