{"id":14638,"date":"2026-04-11T01:56:01","date_gmt":"2026-04-10T23:56:01","guid":{"rendered":"https:\/\/hiimkate.com\/?post_type=product&#038;p=14638"},"modified":"2026-04-11T02:07:01","modified_gmt":"2026-04-11T00:07:01","slug":"komplet-letni-muslinowy-desert-sand","status":"publish","type":"product","link":"https:\/\/hiimkate.com\/index.php\/produkt\/komplet-letni-muslinowy-desert-sand\/","title":{"rendered":"Komplet letni mu\u015blinowy Desert Sand"},"content":{"rendered":"","protected":false},"excerpt":{"rendered":"<p>Kolekcja Everyone loves summer \ud83d\udc97<\/p>\n<p>Limitowany drop &#8211; komplecik letni wykonany z przepi\u0119knej tkaniny mu\u015blin bawe\u0142niany w cudownym kolorze be\u017cowym \ud83d\udc97<\/p>\n<p>Ka\u017cdy komplecik to bluzeczka z uroczym wi\u0105zaniem z ty\u0142u. Spodenki z cudnymi falbaneczkami, prawdziwymi kieszonkami po bokach, a wszystko uszyte z najwi\u0119ksz\u0105 staranno\u015bci\u0105 i wyko\u0144czone Wasz\u0105 ukochan\u0105 mere\u017ck\u0105 \u2665\ufe0f\ud83e\udd70<\/p>\n<p>Mamy r\u00f3wnie\u017c pi\u0119kne kokardki do kompletu, kt\u00f3re mo\u017cecie dokupi\u0107 oddzielnie w formie spineczki albo opaski bezuciskowej lub gumki do w\u0142os\u00f3w \ud83d\udc97<\/p>\n<p>Dodatkowo mo\u017cna dokupi\u0107 bloomersy z falbankami z identycznego materia\u0142u i nosi\u0107 na przemian ze spodenkami do bluzeczki, wow!<\/p>\n<p>Kr\u00f3tkie spodnie i bluzka z materia\u0142o\u0301w bawe\u0142nianych przebadanych pod ka\u0328tem maluszko\u0301w, bezpiecznych, mie\u0328kkich i oddychaja\u0328cych. Mu\u015blin bawe\u0142niany to idealny materia\u0142 dla dzieci \u2013 jest wyj\u0105tkowo mi\u0119kki, lekki i delikatny dla wra\u017cliwej sk\u00f3ry. Dzi\u0119ki swojej przewiewno\u015bci pozwala sk\u00f3rze oddycha\u0107, co sprawia, \u017ce \u015bwietnie sprawdza si\u0119 szczeg\u00f3lnie latem. Naturalna bawe\u0142na jest bezpieczna, a przy tym trwa\u0142a i z ka\u017cdym praniem staje si\u0119 jeszcze przyjemniejsza w dotyku. Dbamy o Wasze pociechy! \u2764\ufe0f<\/p>\n<p>Uwaga, nasze produkty wykonane s\u0105 z wysokiej jako\u015bci tkanin z certyfikatem Oeko-Tex\u00ae, zapewniaj\u0105cych bezpiecze\u0144stwo i komfort nawet dla najbardziej wra\u017cliwej sk\u00f3ry dziecka.<\/p>\n","protected":false},"featured_media":14647,"comment_status":"open","ping_status":"closed","template":"","meta":[],"product_cat":[180],"product_tag":[],"class_list":{"0":"post-14638","1":"product","2":"type-product","3":"status-publish","4":"has-post-thumbnail","6":"product_cat-komplety-letnie-dla-dziewczynek","8":"first","9":"instock","10":"taxable","11":"shipping-taxable","12":"purchasable","13":"product-type-variable"},"jetpack_sharing_enabled":true,"_links":{"self":[{"href":"https:\/\/hiimkate.com\/index.php\/wp-json\/wp\/v2\/product\/14638"}],"collection":[{"href":"https:\/\/hiimkate.com\/index.php\/wp-json\/wp\/v2\/product"}],"about":[{"href":"https:\/\/hiimkate.com\/index.php\/wp-json\/wp\/v2\/types\/product"}],"replies":[{"embeddable":true,"href":"https:\/\/hiimkate.com\/index.php\/wp-json\/wp\/v2\/comments?post=14638"}],"wp:featuredmedia":[{"embeddable":true,"href":"https:\/\/hiimkate.com\/index.php\/wp-json\/wp\/v2\/media\/14647"}],"wp:attachment":[{"href":"https:\/\/hiimkate.com\/index.php\/wp-json\/wp\/v2\/media?parent=14638"}],"wp:term":[{"taxonomy":"product_cat","embeddable":true,"href":"https:\/\/hiimkate.com\/index.php\/wp-json\/wp\/v2\/product_cat?post=14638"},{"taxonomy":"product_tag","embeddable":true,"href":"https:\/\/hiimkate.com\/index.php\/wp-json\/wp\/v2\/product_tag?post=14638"}],"curies":[{"name":"wp","href":"https:\/\/api.w.org\/{rel}","templated":true}]}}