{"id":14548,"date":"2026-03-27T20:02:36","date_gmt":"2026-03-27T19:02:36","guid":{"rendered":"https:\/\/hiimkate.com\/?post_type=product&#038;p=14548"},"modified":"2026-03-28T20:52:12","modified_gmt":"2026-03-28T19:52:12","slug":"skarpetki-bawelniane-z-koronka-i-kokarda-condor-nata","status":"publish","type":"product","link":"https:\/\/hiimkate.com\/index.php\/produkt\/skarpetki-bawelniane-z-koronka-i-kokarda-condor-nata\/","title":{"rendered":"Skarpetki bawe\u0142niane z koronk\u0105 i kokard\u0105 CONDOR NATA"},"content":{"rendered":"","protected":false},"excerpt":{"rendered":"<p>Najpi\u0119kniejsze dost\u0119pne na rynku skarpetki bawe\u0142niane z ozdobn\u0105 kokard\u0105 i koronk\u0105. Najwy\u017csza jako\u015b\u0107 wykonania i przecudne kolory! <\/p>\n<p>Te skarpetki dzieci\u0119ce z kokard\u0105 to doskona\u0142y dodatek do ka\u017cdej dzieci\u0119cej stylizacji &#8211; pi\u0119knie prezentuj\u0105 si\u0119 na codzie\u0144 jak r\u00f3wnie\u017c przy wyj\u0105tkowych chwilach takich jak sesje zdj\u0119ciowe, urodziny, \u015bwi\u0119ta, chrzciny itp. Wyprodukowane przez renomowan\u0105 hiszpa\u0144sk\u0105 firm\u0119 Condor, gwarantuj\u0105 najwy\u017csz\u0105 jako\u015b\u0107 i wyj\u0105tkowy design. Koronkowe wyko\u0144czenie nadaje im elegancji, a urocza kokardka na g\u00f3rze dodaje subtelnego uroku. <\/p>\n<p>To obowi\u0105zkowy element kolekcji ubra\u0144 ka\u017cdego stylowego dziecka.<\/p>\n<p>Sugerujemy wyb\u00f3r mniejszego rozmiaru, gdy\u017c podkolan\u00f3wki i skarpetki a\u017curowe wypadaj\u0105 wi\u0119ksze.  <\/p>\n","protected":false},"featured_media":14557,"comment_status":"open","ping_status":"closed","template":"","meta":[],"product_cat":[238],"product_tag":[],"class_list":{"0":"post-14548","1":"product","2":"type-product","3":"status-publish","4":"has-post-thumbnail","6":"product_cat-rajstopy-i-podkolanowki","8":"first","9":"instock","10":"taxable","11":"shipping-taxable","12":"purchasable","13":"product-type-variable"},"jetpack_sharing_enabled":true,"_links":{"self":[{"href":"https:\/\/hiimkate.com\/index.php\/wp-json\/wp\/v2\/product\/14548"}],"collection":[{"href":"https:\/\/hiimkate.com\/index.php\/wp-json\/wp\/v2\/product"}],"about":[{"href":"https:\/\/hiimkate.com\/index.php\/wp-json\/wp\/v2\/types\/product"}],"replies":[{"embeddable":true,"href":"https:\/\/hiimkate.com\/index.php\/wp-json\/wp\/v2\/comments?post=14548"}],"wp:featuredmedia":[{"embeddable":true,"href":"https:\/\/hiimkate.com\/index.php\/wp-json\/wp\/v2\/media\/14557"}],"wp:attachment":[{"href":"https:\/\/hiimkate.com\/index.php\/wp-json\/wp\/v2\/media?parent=14548"}],"wp:term":[{"taxonomy":"product_cat","embeddable":true,"href":"https:\/\/hiimkate.com\/index.php\/wp-json\/wp\/v2\/product_cat?post=14548"},{"taxonomy":"product_tag","embeddable":true,"href":"https:\/\/hiimkate.com\/index.php\/wp-json\/wp\/v2\/product_tag?post=14548"}],"curies":[{"name":"wp","href":"https:\/\/api.w.org\/{rel}","templated":true}]}}