{"id":14516,"date":"2026-02-17T14:26:41","date_gmt":"2026-02-17T13:26:41","guid":{"rendered":"https:\/\/hiimkate.com\/?post_type=product&#038;p=14516"},"modified":"2026-03-02T15:29:23","modified_gmt":"2026-03-02T14:29:23","slug":"fluffy-daily-crochet-clips","status":"publish","type":"product","link":"https:\/\/hiimkate.com\/index.php\/produkt\/fluffy-daily-crochet-clips\/","title":{"rendered":"Fluffy Daily Crochet Clips"},"content":{"rendered":"","protected":false},"excerpt":{"rendered":"<p>Pi\u0119kny komplet dw\u00f3ch spinek wykonanych r\u0119cznie, pi\u0119kne, stylowe, ponadczasowe <\/p>\n<p>Cudowne pastelowe kolory<\/p>\n","protected":false},"featured_media":14525,"comment_status":"open","ping_status":"closed","template":"","meta":[],"product_cat":[23],"product_tag":[],"class_list":{"0":"post-14516","1":"product","2":"type-product","3":"status-publish","4":"has-post-thumbnail","6":"product_cat-dodatki-akcesoria-dla-dzieci","8":"first","9":"instock","10":"taxable","11":"shipping-taxable","12":"purchasable","13":"product-type-variable"},"jetpack_sharing_enabled":true,"_links":{"self":[{"href":"https:\/\/hiimkate.com\/index.php\/wp-json\/wp\/v2\/product\/14516"}],"collection":[{"href":"https:\/\/hiimkate.com\/index.php\/wp-json\/wp\/v2\/product"}],"about":[{"href":"https:\/\/hiimkate.com\/index.php\/wp-json\/wp\/v2\/types\/product"}],"replies":[{"embeddable":true,"href":"https:\/\/hiimkate.com\/index.php\/wp-json\/wp\/v2\/comments?post=14516"}],"wp:featuredmedia":[{"embeddable":true,"href":"https:\/\/hiimkate.com\/index.php\/wp-json\/wp\/v2\/media\/14525"}],"wp:attachment":[{"href":"https:\/\/hiimkate.com\/index.php\/wp-json\/wp\/v2\/media?parent=14516"}],"wp:term":[{"taxonomy":"product_cat","embeddable":true,"href":"https:\/\/hiimkate.com\/index.php\/wp-json\/wp\/v2\/product_cat?post=14516"},{"taxonomy":"product_tag","embeddable":true,"href":"https:\/\/hiimkate.com\/index.php\/wp-json\/wp\/v2\/product_tag?post=14516"}],"curies":[{"name":"wp","href":"https:\/\/api.w.org\/{rel}","templated":true}]}}