{"id":14483,"date":"2026-02-14T19:50:32","date_gmt":"2026-02-14T18:50:32","guid":{"rendered":"https:\/\/hiimkate.com\/?post_type=product&#038;p=14483"},"modified":"2026-03-02T15:29:42","modified_gmt":"2026-03-02T14:29:42","slug":"sukienka-pearl-of-grace","status":"publish","type":"product","link":"https:\/\/hiimkate.com\/index.php\/produkt\/sukienka-pearl-of-grace\/","title":{"rendered":"Sukienka Pearl of Grace"},"content":{"rendered":"","protected":false},"excerpt":{"rendered":"<p>Sukienka wyj\u015bciowa z przepi\u0119kn\u0105 koronk\u0105 \u2728\ud83d\udcab<\/p>\n<p>Sukienka wykonana z cudownego tiulu i te wyj\u0105tkowe bufki cudo \u2665\ufe0f<\/p>\n<p>Urokliwe guziki pere\u0142ki dodaj\u0105 \u015bwietno\u015bci \ud83d\udcab<\/p>\n<p>Idealna na wszelkie okazje &#8211; zbli\u017caj\u0105ce si\u0119 \u015bwi\u0119ta, sylwestra, a tak\u017ce wszelkie urodziny, imieniny i chrzty \u2665\ufe0f<\/p>\n","protected":false},"featured_media":14492,"comment_status":"open","ping_status":"closed","template":"","meta":[],"product_cat":[55],"product_tag":[],"class_list":{"0":"post-14483","1":"product","2":"type-product","3":"status-publish","4":"has-post-thumbnail","6":"product_cat-sukienki-dla-dziewczynek","8":"first","9":"instock","10":"taxable","11":"shipping-taxable","12":"purchasable","13":"product-type-variable"},"jetpack_sharing_enabled":true,"_links":{"self":[{"href":"https:\/\/hiimkate.com\/index.php\/wp-json\/wp\/v2\/product\/14483"}],"collection":[{"href":"https:\/\/hiimkate.com\/index.php\/wp-json\/wp\/v2\/product"}],"about":[{"href":"https:\/\/hiimkate.com\/index.php\/wp-json\/wp\/v2\/types\/product"}],"replies":[{"embeddable":true,"href":"https:\/\/hiimkate.com\/index.php\/wp-json\/wp\/v2\/comments?post=14483"}],"wp:featuredmedia":[{"embeddable":true,"href":"https:\/\/hiimkate.com\/index.php\/wp-json\/wp\/v2\/media\/14492"}],"wp:attachment":[{"href":"https:\/\/hiimkate.com\/index.php\/wp-json\/wp\/v2\/media?parent=14483"}],"wp:term":[{"taxonomy":"product_cat","embeddable":true,"href":"https:\/\/hiimkate.com\/index.php\/wp-json\/wp\/v2\/product_cat?post=14483"},{"taxonomy":"product_tag","embeddable":true,"href":"https:\/\/hiimkate.com\/index.php\/wp-json\/wp\/v2\/product_tag?post=14483"}],"curies":[{"name":"wp","href":"https:\/\/api.w.org\/{rel}","templated":true}]}}