{"id":14107,"date":"2025-11-21T20:37:21","date_gmt":"2025-11-21T19:37:21","guid":{"rendered":"https:\/\/hiimkate.com\/?post_type=product&#038;p=14107"},"modified":"2026-05-05T11:18:18","modified_gmt":"2026-05-05T09:18:18","slug":"sukienka-tiulowa-lniana-baby-blue-carmen","status":"publish","type":"product","link":"https:\/\/hiimkate.com\/index.php\/produkt\/sukienka-tiulowa-lniana-baby-blue-carmen\/","title":{"rendered":"Sukienka tiulowa lniana baby blue CARMEN"},"content":{"rendered":"","protected":false},"excerpt":{"rendered":"<p>Sukienka balowa z przepi\u0119knym tiulem \u2728\ud83d\udcab<\/p>\n<p>Sukienka wykonana z mi\u0119ciutkiego  oraz cudownego tiulu i te wyj\u0105tkowe bufki cudo \u2665\ufe0f<\/p>\n<p>Urokliwe wi\u0105zanie kokarda tiulowa dodaje tylko \u015bwietno\u015bci \ud83d\udcab<\/p>\n<p>Idealna na wszelkie okazje &#8211; zbli\u017caj\u0105ce si\u0119 \u015bwi\u0119ta, sylwestra, a tak\u017ce wszelkie urodziny, imieniny i chrzty \u2665\ufe0f<\/p>\n","protected":false},"featured_media":14115,"comment_status":"open","ping_status":"closed","template":"","meta":[],"product_cat":[55],"product_tag":[],"class_list":{"0":"post-14107","1":"product","2":"type-product","3":"status-publish","4":"has-post-thumbnail","6":"product_cat-sukienki-dla-dziewczynek","8":"first","9":"instock","10":"taxable","11":"shipping-taxable","12":"purchasable","13":"product-type-variable"},"jetpack_sharing_enabled":true,"_links":{"self":[{"href":"https:\/\/hiimkate.com\/index.php\/wp-json\/wp\/v2\/product\/14107"}],"collection":[{"href":"https:\/\/hiimkate.com\/index.php\/wp-json\/wp\/v2\/product"}],"about":[{"href":"https:\/\/hiimkate.com\/index.php\/wp-json\/wp\/v2\/types\/product"}],"replies":[{"embeddable":true,"href":"https:\/\/hiimkate.com\/index.php\/wp-json\/wp\/v2\/comments?post=14107"}],"wp:featuredmedia":[{"embeddable":true,"href":"https:\/\/hiimkate.com\/index.php\/wp-json\/wp\/v2\/media\/14115"}],"wp:attachment":[{"href":"https:\/\/hiimkate.com\/index.php\/wp-json\/wp\/v2\/media?parent=14107"}],"wp:term":[{"taxonomy":"product_cat","embeddable":true,"href":"https:\/\/hiimkate.com\/index.php\/wp-json\/wp\/v2\/product_cat?post=14107"},{"taxonomy":"product_tag","embeddable":true,"href":"https:\/\/hiimkate.com\/index.php\/wp-json\/wp\/v2\/product_tag?post=14107"}],"curies":[{"name":"wp","href":"https:\/\/api.w.org\/{rel}","templated":true}]}}