{"id":14061,"date":"2025-11-21T19:57:55","date_gmt":"2025-11-21T18:57:55","guid":{"rendered":"https:\/\/hiimkate.com\/?post_type=product&#038;p=14061"},"modified":"2026-01-05T21:57:32","modified_gmt":"2026-01-05T20:57:32","slug":"sukienka-z-miekkiego-weluru-cream","status":"publish","type":"product","link":"https:\/\/hiimkate.com\/index.php\/produkt\/sukienka-z-miekkiego-weluru-cream\/","title":{"rendered":"Sukienka z mi\u0119kkiego weluru cream"},"content":{"rendered":"","protected":false},"excerpt":{"rendered":"<p>Sukienka z limitowanej kolekcji mi\u0119ciutka welurowa \u2728\ud83d\udcab<\/p>\n<p>Sukienka wykonana z mi\u0119ciutkiego weluru delikatnego i przyjemnego w dotyku nieziemsko \u2665\ufe0f<\/p>\n<p>Urokliwe guziczki per\u0142owe z przodu dodaj\u0105 tylko \u015bwietno\u015bci \ud83d\udcab<\/p>\n<p>Idealna na wszelkie okazje &#8211; zbli\u017caj\u0105ce si\u0119 \u015bwi\u0119ta, sylwestra, a tak\u017ce wszelkie urodziny, imieniny i chrzty \u2665\ufe0f<\/p>\n","protected":false},"featured_media":14070,"comment_status":"open","ping_status":"closed","template":"","meta":[],"product_cat":[55],"product_tag":[],"class_list":{"0":"post-14061","1":"product","2":"type-product","3":"status-publish","4":"has-post-thumbnail","6":"product_cat-sukienki-dla-dziewczynek","8":"first","9":"instock","10":"taxable","11":"shipping-taxable","12":"purchasable","13":"product-type-variable"},"jetpack_sharing_enabled":true,"_links":{"self":[{"href":"https:\/\/hiimkate.com\/index.php\/wp-json\/wp\/v2\/product\/14061"}],"collection":[{"href":"https:\/\/hiimkate.com\/index.php\/wp-json\/wp\/v2\/product"}],"about":[{"href":"https:\/\/hiimkate.com\/index.php\/wp-json\/wp\/v2\/types\/product"}],"replies":[{"embeddable":true,"href":"https:\/\/hiimkate.com\/index.php\/wp-json\/wp\/v2\/comments?post=14061"}],"wp:featuredmedia":[{"embeddable":true,"href":"https:\/\/hiimkate.com\/index.php\/wp-json\/wp\/v2\/media\/14070"}],"wp:attachment":[{"href":"https:\/\/hiimkate.com\/index.php\/wp-json\/wp\/v2\/media?parent=14061"}],"wp:term":[{"taxonomy":"product_cat","embeddable":true,"href":"https:\/\/hiimkate.com\/index.php\/wp-json\/wp\/v2\/product_cat?post=14061"},{"taxonomy":"product_tag","embeddable":true,"href":"https:\/\/hiimkate.com\/index.php\/wp-json\/wp\/v2\/product_tag?post=14061"}],"curies":[{"name":"wp","href":"https:\/\/api.w.org\/{rel}","templated":true}]}}