{"id":14003,"date":"2025-11-21T18:01:43","date_gmt":"2025-11-21T17:01:43","guid":{"rendered":"https:\/\/hiimkate.com\/?post_type=product&#038;p=14003"},"modified":"2025-11-29T17:26:34","modified_gmt":"2025-11-29T16:26:34","slug":"twinkle-twinkle-cream","status":"publish","type":"product","link":"https:\/\/hiimkate.com\/index.php\/produkt\/twinkle-twinkle-cream\/","title":{"rendered":"Twinkle Twinkle Cream"},"content":{"rendered":"","protected":false},"excerpt":{"rendered":"<p>Pi\u0119kna sukieneczka premium z ozdobnymi detalami\u00a0\ud83d\udc96<\/p>\n<p>Wykonana z przepi\u0119knej limitowanej bawe\u0142ny ze z\u0142ot\u0105 nici\u0105 o jako\u015bci premium, atutem jest wspania\u0142a struktura materia\u0142u niezwykle delikatna i cudowne zako\u0144czenie, sukienka posiada kilka warstw tiulu aby nada\u0107 jej obj\u0119to\u015bci i lekko\u015bci, dodatkowo ma mi\u0119kk\u0105 podszewk\u0119 z bawe\u0142nianego mu\u015blinu aby by\u0142a przyjemna dla sk\u00f3ry Twojej pociechy. Kochamy \u0142\u0105czy\u0107 pi\u0119kno i praktyczno\u015b\u0107, dobro maluch\u00f3w to u nas priorytet. Sukienka ma z tylu mi\u0119kkie wi\u0105zanie &#8211; urocz\u0105 kokard\u0119 \u2728<\/p>\n","protected":false},"featured_media":14006,"comment_status":"open","ping_status":"closed","template":"","meta":[],"product_cat":[55],"product_tag":[],"class_list":{"0":"post-14003","1":"product","2":"type-product","3":"status-publish","4":"has-post-thumbnail","6":"product_cat-sukienki-dla-dziewczynek","8":"first","9":"instock","10":"taxable","11":"shipping-taxable","12":"purchasable","13":"product-type-variable"},"jetpack_sharing_enabled":true,"_links":{"self":[{"href":"https:\/\/hiimkate.com\/index.php\/wp-json\/wp\/v2\/product\/14003"}],"collection":[{"href":"https:\/\/hiimkate.com\/index.php\/wp-json\/wp\/v2\/product"}],"about":[{"href":"https:\/\/hiimkate.com\/index.php\/wp-json\/wp\/v2\/types\/product"}],"replies":[{"embeddable":true,"href":"https:\/\/hiimkate.com\/index.php\/wp-json\/wp\/v2\/comments?post=14003"}],"wp:featuredmedia":[{"embeddable":true,"href":"https:\/\/hiimkate.com\/index.php\/wp-json\/wp\/v2\/media\/14006"}],"wp:attachment":[{"href":"https:\/\/hiimkate.com\/index.php\/wp-json\/wp\/v2\/media?parent=14003"}],"wp:term":[{"taxonomy":"product_cat","embeddable":true,"href":"https:\/\/hiimkate.com\/index.php\/wp-json\/wp\/v2\/product_cat?post=14003"},{"taxonomy":"product_tag","embeddable":true,"href":"https:\/\/hiimkate.com\/index.php\/wp-json\/wp\/v2\/product_tag?post=14003"}],"curies":[{"name":"wp","href":"https:\/\/api.w.org\/{rel}","templated":true}]}}