{"id":13906,"date":"2025-10-29T17:53:07","date_gmt":"2025-10-29T16:53:07","guid":{"rendered":"https:\/\/hiimkate.com\/?post_type=product&#038;p=13906"},"modified":"2025-10-29T18:43:36","modified_gmt":"2025-10-29T17:43:36","slug":"leginsy-na-szelkach-condor-z-welna-merino-kremowe","status":"publish","type":"product","link":"https:\/\/hiimkate.com\/index.php\/produkt\/leginsy-na-szelkach-condor-z-welna-merino-kremowe\/","title":{"rendered":"Leginsy na szelkach condor z we\u0142n\u0105 merino kremowe"},"content":{"rendered":"","protected":false},"excerpt":{"rendered":"<p>Najpi\u0119kniejsze dost\u0119pne na rynku leginsy na szelkach. Najwy\u017csza jako\u015b\u0107 wykonania i przecudny kolor! <\/p>\n<p>Te leginsy dzieci\u0119ce to doskona\u0142y dodatek do ka\u017cdej dzieci\u0119cej stylizacji &#8211; pi\u0119knie prezentuj\u0105 si\u0119 na codzie\u0144 jak r\u00f3wnie\u017c przy wyj\u0105tkowych chwilach takich jak sesje zdj\u0119ciowe, urodziny, \u015bwi\u0119ta, chrzciny itp. Wyprodukowane przez renomowan\u0105 hiszpa\u0144sk\u0105 firm\u0119 Condor, gwarantuj\u0105 najwy\u017csz\u0105 jako\u015b\u0107 i wyj\u0105tkowy design. <\/p>\n<p>To obowi\u0105zkowy element kolekcji ubra\u0144 ka\u017cdego stylowego dziecka.  <\/p>\n<p>Sk\u0142ad: 42% we\u0142na merino, 42% akryl, 14% poliamid, 2% elastan<\/p>\n<p>Mieszanka we\u0142ny z akrylem powoduje, \u017ce leginsy s\u0105 niezwykle ciep\u0142e i trwa\u0142e, natomiast szelki sprawiaj\u0105, \u017ce idealnie sprawdz\u0105 si\u0119 nawet przy niezwykle aktywnych dzieciach!<\/p>\n","protected":false},"featured_media":13917,"comment_status":"open","ping_status":"closed","template":"","meta":[],"product_cat":[194],"product_tag":[],"class_list":{"0":"post-13906","1":"product","2":"type-product","3":"status-publish","4":"has-post-thumbnail","6":"product_cat-spodnie-handmade-dla-dzieci","8":"first","9":"instock","10":"taxable","11":"shipping-taxable","12":"purchasable","13":"product-type-variable"},"jetpack_sharing_enabled":true,"_links":{"self":[{"href":"https:\/\/hiimkate.com\/index.php\/wp-json\/wp\/v2\/product\/13906"}],"collection":[{"href":"https:\/\/hiimkate.com\/index.php\/wp-json\/wp\/v2\/product"}],"about":[{"href":"https:\/\/hiimkate.com\/index.php\/wp-json\/wp\/v2\/types\/product"}],"replies":[{"embeddable":true,"href":"https:\/\/hiimkate.com\/index.php\/wp-json\/wp\/v2\/comments?post=13906"}],"wp:featuredmedia":[{"embeddable":true,"href":"https:\/\/hiimkate.com\/index.php\/wp-json\/wp\/v2\/media\/13917"}],"wp:attachment":[{"href":"https:\/\/hiimkate.com\/index.php\/wp-json\/wp\/v2\/media?parent=13906"}],"wp:term":[{"taxonomy":"product_cat","embeddable":true,"href":"https:\/\/hiimkate.com\/index.php\/wp-json\/wp\/v2\/product_cat?post=13906"},{"taxonomy":"product_tag","embeddable":true,"href":"https:\/\/hiimkate.com\/index.php\/wp-json\/wp\/v2\/product_tag?post=13906"}],"curies":[{"name":"wp","href":"https:\/\/api.w.org\/{rel}","templated":true}]}}