{"id":13856,"date":"2025-10-18T12:16:04","date_gmt":"2025-10-18T10:16:04","guid":{"rendered":"https:\/\/hiimkate.com\/?post_type=product&#038;p=13856"},"modified":"2025-12-14T13:46:15","modified_gmt":"2025-12-14T12:46:15","slug":"elegancki-komplet-welurowy-cafe-latte","status":"publish","type":"product","link":"https:\/\/hiimkate.com\/index.php\/produkt\/elegancki-komplet-welurowy-cafe-latte\/","title":{"rendered":"Elegancki komplet welurowy Caf\u00e9 Latte"},"content":{"rendered":"","protected":false},"excerpt":{"rendered":"<p>Zestaw sk\u0142ada si\u0119 z eleganckiej bluzy i spodni wykonanych z weluru bawe\u0142nianego z dodatkiem elastanu &#8211; wszystko wyko\u0144czone przepi\u0119kn\u0105 haftowan\u0105 koronk\u0105. Mi\u0119kki, bezpieczny i wygodny komplet! AKSAMITNY styl! <\/p>\n<p>Cudowno\u015b\u0107 tego zestawu jest ukryta w jego niezwyk\u0142ej mi\u0119kko\u015bci i elastyczno\u015bci, dzi\u0119ki wysokiej jako\u015bci materia\u0142owi, kt\u00f3ry pozwala swobodnie porusza\u0107 si\u0119 w trakcie zabawy, jednocze\u015bnie otulaj\u0105c ciep\u0142em w ch\u0142odniejsze dni. To wi\u0119cej ni\u017c tylko ubrania &#8211; to wyb\u00f3r komfortu i jako\u015bci.<\/p>\n<p>Daj swojej c\u00f3rce przyjemno\u015b\u0107 noszenia tego uroczego kompletu na ka\u017cd\u0105 okazj\u0119. Uzupe\u0142nij garderob\u0119 na nadchodz\u0105cy sezon tym niezwyk\u0142ym zestawem, kt\u00f3ry \u0142\u0105czy w sobie styl i funkcjonalno\u015b\u0107.<\/p>\n<p>Wpasowuje si\u0119 idealnie w codzienno\u015b\u0107!<\/p>\n","protected":false},"featured_media":13871,"comment_status":"open","ping_status":"closed","template":"","meta":[],"product_cat":[236],"product_tag":[],"class_list":{"0":"post-13856","1":"product","2":"type-product","3":"status-publish","4":"has-post-thumbnail","6":"product_cat-dresy-komplety-prazkowane","8":"first","9":"instock","10":"taxable","11":"shipping-taxable","12":"purchasable","13":"product-type-variable"},"jetpack_sharing_enabled":true,"_links":{"self":[{"href":"https:\/\/hiimkate.com\/index.php\/wp-json\/wp\/v2\/product\/13856"}],"collection":[{"href":"https:\/\/hiimkate.com\/index.php\/wp-json\/wp\/v2\/product"}],"about":[{"href":"https:\/\/hiimkate.com\/index.php\/wp-json\/wp\/v2\/types\/product"}],"replies":[{"embeddable":true,"href":"https:\/\/hiimkate.com\/index.php\/wp-json\/wp\/v2\/comments?post=13856"}],"wp:featuredmedia":[{"embeddable":true,"href":"https:\/\/hiimkate.com\/index.php\/wp-json\/wp\/v2\/media\/13871"}],"wp:attachment":[{"href":"https:\/\/hiimkate.com\/index.php\/wp-json\/wp\/v2\/media?parent=13856"}],"wp:term":[{"taxonomy":"product_cat","embeddable":true,"href":"https:\/\/hiimkate.com\/index.php\/wp-json\/wp\/v2\/product_cat?post=13856"},{"taxonomy":"product_tag","embeddable":true,"href":"https:\/\/hiimkate.com\/index.php\/wp-json\/wp\/v2\/product_tag?post=13856"}],"curies":[{"name":"wp","href":"https:\/\/api.w.org\/{rel}","templated":true}]}}