{"id":13219,"date":"2025-06-19T12:05:37","date_gmt":"2025-06-19T10:05:37","guid":{"rendered":"https:\/\/hiimkate.com\/?post_type=product&#038;p=13219"},"modified":"2025-11-25T19:53:42","modified_gmt":"2025-11-25T18:53:42","slug":"princess-dusty-pink-bow","status":"publish","type":"product","link":"https:\/\/hiimkate.com\/index.php\/produkt\/princess-dusty-pink-bow\/","title":{"rendered":"Princess Dusty pink bow"},"content":{"rendered":"","protected":false},"excerpt":{"rendered":"<p>Pi\u0119kna sukieneczka premium z ozdobnymi detalami\u00a0\ud83d\udc96<\/p>\n<p>Wykonana z przepi\u0119knego mi\u0119ciutkiego tiulu o jako\u015bci premium, atutem jest wspania\u0142a struktura materia\u0142u niezwykle delikatna i cudowne zako\u0144czenie, sukienka posiada kilka warstw aby nada\u0107 jej obj\u0119to\u015bci i lekko\u015bci, dodatkowo ma mi\u0119kk\u0105 podszewk\u0119 z bawe\u0142nianego mu\u015blinu aby by\u0142a przyjemna dla sk\u00f3ry Twojej pociechy. Kochamy \u0142\u0105czy\u0107 pi\u0119kno i praktyczno\u015b\u0107, dobro maluch\u00f3w to u nas priorytet. Sukienka ma z tylu mi\u0119kkie wi\u0105zanie &#8211; urocz\u0105 kokard\u0119, rami\u0105czka s\u0105 regulowane wi\u0105zaniem dzi\u0119ki czemu ro\u015bnie razem z dzieckiem \u2728<\/p>\n","protected":false},"featured_media":13226,"comment_status":"open","ping_status":"closed","template":"","meta":[],"product_cat":[55],"product_tag":[],"class_list":{"0":"post-13219","1":"product","2":"type-product","3":"status-publish","4":"has-post-thumbnail","6":"product_cat-sukienki-dla-dziewczynek","8":"first","9":"instock","10":"taxable","11":"shipping-taxable","12":"purchasable","13":"product-type-variable"},"jetpack_sharing_enabled":true,"_links":{"self":[{"href":"https:\/\/hiimkate.com\/index.php\/wp-json\/wp\/v2\/product\/13219"}],"collection":[{"href":"https:\/\/hiimkate.com\/index.php\/wp-json\/wp\/v2\/product"}],"about":[{"href":"https:\/\/hiimkate.com\/index.php\/wp-json\/wp\/v2\/types\/product"}],"replies":[{"embeddable":true,"href":"https:\/\/hiimkate.com\/index.php\/wp-json\/wp\/v2\/comments?post=13219"}],"wp:featuredmedia":[{"embeddable":true,"href":"https:\/\/hiimkate.com\/index.php\/wp-json\/wp\/v2\/media\/13226"}],"wp:attachment":[{"href":"https:\/\/hiimkate.com\/index.php\/wp-json\/wp\/v2\/media?parent=13219"}],"wp:term":[{"taxonomy":"product_cat","embeddable":true,"href":"https:\/\/hiimkate.com\/index.php\/wp-json\/wp\/v2\/product_cat?post=13219"},{"taxonomy":"product_tag","embeddable":true,"href":"https:\/\/hiimkate.com\/index.php\/wp-json\/wp\/v2\/product_tag?post=13219"}],"curies":[{"name":"wp","href":"https:\/\/api.w.org\/{rel}","templated":true}]}}