{"id":13145,"date":"2025-06-19T10:31:47","date_gmt":"2025-06-19T08:31:47","guid":{"rendered":"https:\/\/hiimkate.com\/?post_type=product&#038;p=13145"},"modified":"2025-08-09T04:28:01","modified_gmt":"2025-08-09T02:28:01","slug":"opalacz-bloomers-spodniczka-i-top-z-koronka","status":"publish","type":"product","link":"https:\/\/hiimkate.com\/index.php\/produkt\/opalacz-bloomers-spodniczka-i-top-z-koronka\/","title":{"rendered":"Opalacz bloomers sp\u00f3dniczka i top z koronk\u0105"},"content":{"rendered":"","protected":false},"excerpt":{"rendered":"<p>Opalacze bloomersy i stanik top wyko\u0144czone koronk\u0105, 100% bawe\u0142na, wykonane ze staranno\u015bci\u0105, jako\u015b\u0107 premium! KOCHAMY DETALE \ud83d\udc97<\/p>\n<p>Dodatkiem mo\u017ce by\u0107 kokardka na g\u0142\u00f3wk\u0119 &#8211; aby naby\u0107 taki wariant dodaj do koszyka kokardk\u0119 w wybranej wersji kolorystycznej &#8211; mo\u017ce by\u0107 na opasce bezuciskowej albo na spineczce albo na gumce do w\u0142os\u00f3w \ud83d\udc97<\/p>\n<p>Opalacze maj\u0105 regulowane rami\u0105czka, dzi\u0119ki czemu rosn\u0105 razem z dzieckiem! <\/p>\n<p>Materia\u0142 jest mi\u0142y w dotyku, to 100% bawe\u0142na<\/p>\n<p>Mo\u017cna dodatkowo wybra\u0107 opcj\u0119 z doszyciem kokardki na opalacze, ewentualnie mo\u017cemy naszy\u0107 ma\u0142e kokardki albo kwiatuszki, wystarczy doda\u0107 kokardk\u0119 do koszyka i napisa\u0107 w wiadomo\u015bci do zam\u00f3wienia jak mamy j\u0105 naszy\u0107<\/p>\n<p>Dbamy o Wasze pociechy! \ud83d\udc97<\/p>\n","protected":false},"featured_media":13191,"comment_status":"open","ping_status":"closed","template":"","meta":[],"product_cat":[105,180,52],"product_tag":[],"class_list":{"0":"post-13145","1":"product","2":"type-product","3":"status-publish","4":"has-post-thumbnail","6":"product_cat-bloomersy-spodnice","7":"product_cat-komplety-letnie-dla-dziewczynek","8":"product_cat-stroje-kapielowe-dla-niemowlat","10":"first","11":"instock","12":"taxable","13":"shipping-taxable","14":"purchasable","15":"product-type-variable"},"jetpack_sharing_enabled":true,"_links":{"self":[{"href":"https:\/\/hiimkate.com\/index.php\/wp-json\/wp\/v2\/product\/13145"}],"collection":[{"href":"https:\/\/hiimkate.com\/index.php\/wp-json\/wp\/v2\/product"}],"about":[{"href":"https:\/\/hiimkate.com\/index.php\/wp-json\/wp\/v2\/types\/product"}],"replies":[{"embeddable":true,"href":"https:\/\/hiimkate.com\/index.php\/wp-json\/wp\/v2\/comments?post=13145"}],"wp:featuredmedia":[{"embeddable":true,"href":"https:\/\/hiimkate.com\/index.php\/wp-json\/wp\/v2\/media\/13191"}],"wp:attachment":[{"href":"https:\/\/hiimkate.com\/index.php\/wp-json\/wp\/v2\/media?parent=13145"}],"wp:term":[{"taxonomy":"product_cat","embeddable":true,"href":"https:\/\/hiimkate.com\/index.php\/wp-json\/wp\/v2\/product_cat?post=13145"},{"taxonomy":"product_tag","embeddable":true,"href":"https:\/\/hiimkate.com\/index.php\/wp-json\/wp\/v2\/product_tag?post=13145"}],"curies":[{"name":"wp","href":"https:\/\/api.w.org\/{rel}","templated":true}]}}