{"id":12957,"date":"2025-05-21T18:04:08","date_gmt":"2025-05-21T16:04:08","guid":{"rendered":"https:\/\/hiimkate.com\/?post_type=product&#038;p=12957"},"modified":"2025-06-13T01:24:05","modified_gmt":"2025-06-12T23:24:05","slug":"komplet-letni-puppies-beige","status":"publish","type":"product","link":"https:\/\/hiimkate.com\/index.php\/produkt\/komplet-letni-puppies-beige\/","title":{"rendered":"Komplet letni Puppies beige"},"content":{"rendered":"","protected":false},"excerpt":{"rendered":"<p>Limitowany drop &#8211; komplecik letni wykonany z przepi\u0119knej tkaniny bawe\u0142nianej z elastanem z cudownym nadrukiem w pieski dog dogs szczeniaczek szczeniaczki wy\u017c\u0142y puppy puppies beige be\u017c be\u017cowy \ud83d\udc97<\/p>\n<p>Ka\u017cdy komplecik to bluzeczka z prawdziw\u0105 kieszonk\u0105 na piersi i uroczym wi\u0105zaniem z ty\u0142u. Spodenki z cudnymi falbaneczkami, prawdziwymi kieszonkami po bokach oraz kokardk\u0105 bawe\u0142nian\u0105 dodaj\u0105c\u0105 uroku, a wszystko uszyte z najwi\u0119ksz\u0105 staranno\u015bci\u0105 i wyko\u0144czone Wasz\u0105 ukochan\u0105 mere\u017ck\u0105 \u2665\ufe0f\ud83e\udd70<\/p>\n<p>Mamy r\u00f3wnie\u017c pi\u0119kne kokardki do kompletu, kt\u00f3re mo\u017cecie dokupi\u0107 oddzielnie w formie spineczki albo opaski bezuciskowej lub gumki do w\u0142os\u00f3w \ud83d\udc97<\/p>\n<p>Kr\u00f3tkie spodnie i bluzka z materia\u0142o\u0301w bawe\u0142nianych z elastanem przebadanych pod ka\u0328tem maluszko\u0301w, bezpiecznych, mie\u0328kkich i oddychaja\u0328cych. Dbamy o Wasze pociechy! \u2764\ufe0f<\/p>\n","protected":false},"featured_media":12967,"comment_status":"open","ping_status":"closed","template":"","meta":[],"product_cat":[180],"product_tag":[],"class_list":{"0":"post-12957","1":"product","2":"type-product","3":"status-publish","4":"has-post-thumbnail","6":"product_cat-komplety-letnie-dla-dziewczynek","8":"first","9":"instock","10":"taxable","11":"shipping-taxable","12":"purchasable","13":"product-type-variable"},"jetpack_sharing_enabled":true,"_links":{"self":[{"href":"https:\/\/hiimkate.com\/index.php\/wp-json\/wp\/v2\/product\/12957"}],"collection":[{"href":"https:\/\/hiimkate.com\/index.php\/wp-json\/wp\/v2\/product"}],"about":[{"href":"https:\/\/hiimkate.com\/index.php\/wp-json\/wp\/v2\/types\/product"}],"replies":[{"embeddable":true,"href":"https:\/\/hiimkate.com\/index.php\/wp-json\/wp\/v2\/comments?post=12957"}],"wp:featuredmedia":[{"embeddable":true,"href":"https:\/\/hiimkate.com\/index.php\/wp-json\/wp\/v2\/media\/12967"}],"wp:attachment":[{"href":"https:\/\/hiimkate.com\/index.php\/wp-json\/wp\/v2\/media?parent=12957"}],"wp:term":[{"taxonomy":"product_cat","embeddable":true,"href":"https:\/\/hiimkate.com\/index.php\/wp-json\/wp\/v2\/product_cat?post=12957"},{"taxonomy":"product_tag","embeddable":true,"href":"https:\/\/hiimkate.com\/index.php\/wp-json\/wp\/v2\/product_tag?post=12957"}],"curies":[{"name":"wp","href":"https:\/\/api.w.org\/{rel}","templated":true}]}}