{"id":12367,"date":"2024-08-25T13:39:44","date_gmt":"2024-08-25T11:39:44","guid":{"rendered":"https:\/\/hiimkate.com\/?post_type=product&#038;p=12367"},"modified":"2024-09-01T09:35:11","modified_gmt":"2024-09-01T07:35:11","slug":"kitten-merino-haft-floral-pudrowy-roz-przedsprzedaz","status":"publish","type":"product","link":"https:\/\/hiimkate.com\/index.php\/produkt\/kitten-merino-haft-floral-pudrowy-roz-przedsprzedaz\/","title":{"rendered":"KITTEN MERINO haft FLORAL pudrowy r\u00f3\u017c"},"content":{"rendered":"","protected":false},"excerpt":{"rendered":"<p>Czapka wykonana ze 100% we\u0142ny merino \ud83d\udc97<\/p>\n<p>Luksusowa w\u0142\u00f3czka<\/p>\n<p>Materia\u0142:\u00a0100% merino wool<\/p>\n<p>haft r\u0119czny z alpaki i jedwabiu!<\/p>\n<p>Ta przyjemna w dotyku w\u0142o\u0301czka jest zadziwiaja\u0328co ciep\u0142a!<br \/>\nWykonane z niej robo\u0301tki sa\u0328 wyja\u0328tkowo mie\u0328kkie!<\/p>\n<p>Nie gryzie!<\/p>\n","protected":false},"featured_media":12357,"comment_status":"open","ping_status":"closed","template":"","meta":[],"product_cat":[123],"product_tag":[],"class_list":{"0":"post-12367","1":"product","2":"type-product","3":"status-publish","4":"has-post-thumbnail","6":"product_cat-czapeczki-dla-dzieci-z-uszami","8":"first","9":"instock","10":"taxable","11":"shipping-taxable","12":"purchasable","13":"product-type-variable"},"jetpack_sharing_enabled":true,"_links":{"self":[{"href":"https:\/\/hiimkate.com\/index.php\/wp-json\/wp\/v2\/product\/12367"}],"collection":[{"href":"https:\/\/hiimkate.com\/index.php\/wp-json\/wp\/v2\/product"}],"about":[{"href":"https:\/\/hiimkate.com\/index.php\/wp-json\/wp\/v2\/types\/product"}],"replies":[{"embeddable":true,"href":"https:\/\/hiimkate.com\/index.php\/wp-json\/wp\/v2\/comments?post=12367"}],"wp:featuredmedia":[{"embeddable":true,"href":"https:\/\/hiimkate.com\/index.php\/wp-json\/wp\/v2\/media\/12357"}],"wp:attachment":[{"href":"https:\/\/hiimkate.com\/index.php\/wp-json\/wp\/v2\/media?parent=12367"}],"wp:term":[{"taxonomy":"product_cat","embeddable":true,"href":"https:\/\/hiimkate.com\/index.php\/wp-json\/wp\/v2\/product_cat?post=12367"},{"taxonomy":"product_tag","embeddable":true,"href":"https:\/\/hiimkate.com\/index.php\/wp-json\/wp\/v2\/product_tag?post=12367"}],"curies":[{"name":"wp","href":"https:\/\/api.w.org\/{rel}","templated":true}]}}