{"id":12009,"date":"2024-05-31T23:18:05","date_gmt":"2024-05-31T21:18:05","guid":{"rendered":"https:\/\/hiimkate.com\/?post_type=product&#038;p=12009"},"modified":"2024-05-31T23:23:19","modified_gmt":"2024-05-31T21:23:19","slug":"pastel-daily-crochet-clips-set","status":"publish","type":"product","link":"https:\/\/hiimkate.com\/index.php\/produkt\/pastel-daily-crochet-clips-set\/","title":{"rendered":"Pastel Daily Crochet Clips SET"},"content":{"rendered":"","protected":false},"excerpt":{"rendered":"<p>Pi\u0119kny komplet sze\u015bciu spinek wykonanych r\u0119cznie, pi\u0119kne, stylowe, ponadczasowe <\/p>\n<p>Cudowne pastelowe kolory<\/p>\n","protected":false},"featured_media":12018,"comment_status":"open","ping_status":"closed","template":"","meta":[],"product_cat":[23],"product_tag":[],"class_list":{"0":"post-12009","1":"product","2":"type-product","3":"status-publish","4":"has-post-thumbnail","6":"product_cat-dodatki-akcesoria-dla-dzieci","8":"first","9":"instock","10":"taxable","11":"shipping-taxable","12":"purchasable","13":"product-type-variable"},"jetpack_sharing_enabled":true,"_links":{"self":[{"href":"https:\/\/hiimkate.com\/index.php\/wp-json\/wp\/v2\/product\/12009"}],"collection":[{"href":"https:\/\/hiimkate.com\/index.php\/wp-json\/wp\/v2\/product"}],"about":[{"href":"https:\/\/hiimkate.com\/index.php\/wp-json\/wp\/v2\/types\/product"}],"replies":[{"embeddable":true,"href":"https:\/\/hiimkate.com\/index.php\/wp-json\/wp\/v2\/comments?post=12009"}],"wp:featuredmedia":[{"embeddable":true,"href":"https:\/\/hiimkate.com\/index.php\/wp-json\/wp\/v2\/media\/12018"}],"wp:attachment":[{"href":"https:\/\/hiimkate.com\/index.php\/wp-json\/wp\/v2\/media?parent=12009"}],"wp:term":[{"taxonomy":"product_cat","embeddable":true,"href":"https:\/\/hiimkate.com\/index.php\/wp-json\/wp\/v2\/product_cat?post=12009"},{"taxonomy":"product_tag","embeddable":true,"href":"https:\/\/hiimkate.com\/index.php\/wp-json\/wp\/v2\/product_tag?post=12009"}],"curies":[{"name":"wp","href":"https:\/\/api.w.org\/{rel}","templated":true}]}}