{"id":11749,"date":"2024-05-19T14:36:17","date_gmt":"2024-05-19T12:36:17","guid":{"rendered":"https:\/\/hiimkate.com\/?post_type=product&#038;p=11749"},"modified":"2025-11-21T15:13:32","modified_gmt":"2025-11-21T14:13:32","slug":"rose-dream-look","status":"publish","type":"product","link":"https:\/\/hiimkate.com\/index.php\/produkt\/rose-dream-look\/","title":{"rendered":"ROSE DREAM look"},"content":{"rendered":"","protected":false},"excerpt":{"rendered":"<p>Pi\u0119kna sukieneczka premium z ozdobnymi detalami\u00a0\ud83d\udc96<\/p>\n<p>Wykonana ze 100% mu\u015blinu bawe\u0142nianego o jako\u015bci premium, atutem jest wspania\u0142a struktura materia\u0142u niezwykle delikatna \u2728<\/p>\n","protected":false},"featured_media":11756,"comment_status":"open","ping_status":"closed","template":"","meta":[],"product_cat":[55],"product_tag":[],"class_list":{"0":"post-11749","1":"product","2":"type-product","3":"status-publish","4":"has-post-thumbnail","6":"product_cat-sukienki-dla-dziewczynek","8":"first","9":"instock","10":"taxable","11":"shipping-taxable","12":"purchasable","13":"product-type-variable"},"jetpack_sharing_enabled":true,"_links":{"self":[{"href":"https:\/\/hiimkate.com\/index.php\/wp-json\/wp\/v2\/product\/11749"}],"collection":[{"href":"https:\/\/hiimkate.com\/index.php\/wp-json\/wp\/v2\/product"}],"about":[{"href":"https:\/\/hiimkate.com\/index.php\/wp-json\/wp\/v2\/types\/product"}],"replies":[{"embeddable":true,"href":"https:\/\/hiimkate.com\/index.php\/wp-json\/wp\/v2\/comments?post=11749"}],"wp:featuredmedia":[{"embeddable":true,"href":"https:\/\/hiimkate.com\/index.php\/wp-json\/wp\/v2\/media\/11756"}],"wp:attachment":[{"href":"https:\/\/hiimkate.com\/index.php\/wp-json\/wp\/v2\/media?parent=11749"}],"wp:term":[{"taxonomy":"product_cat","embeddable":true,"href":"https:\/\/hiimkate.com\/index.php\/wp-json\/wp\/v2\/product_cat?post=11749"},{"taxonomy":"product_tag","embeddable":true,"href":"https:\/\/hiimkate.com\/index.php\/wp-json\/wp\/v2\/product_tag?post=11749"}],"curies":[{"name":"wp","href":"https:\/\/api.w.org\/{rel}","templated":true}]}}