{"id":11029,"date":"2024-02-26T06:22:22","date_gmt":"2024-02-26T05:22:22","guid":{"rendered":"https:\/\/hiimkate.com\/?post_type=product&#038;p=11029"},"modified":"2024-02-26T06:42:25","modified_gmt":"2024-02-26T05:42:25","slug":"kokarda-beauty-lniana-bow-spinka-oatmeal","status":"publish","type":"product","link":"https:\/\/hiimkate.com\/index.php\/produkt\/kokarda-beauty-lniana-bow-spinka-oatmeal\/","title":{"rendered":"Kokarda Beauty lniana Bow spinka Oatmeal"},"content":{"rendered":"","protected":false},"excerpt":{"rendered":"<p>Pi\u0119kna kokardka bow premium w stylu retro\u00a0\ud83d\udc96<\/p>\n<p>Wykonana z lnu o jako\u015bci premium, atutem jest wspania\u0142a struktura materia\u0142u niezwykle delikatna \u2728<\/p>\n<p>Kokarda jest wyprodukowana r\u0119cznie z najwi\u0119ksz\u0105 staranno\u015bci\u0105, jest na z\u0142otej spineczce<\/p>\n<p>Kokardy s\u0105 dost\u0119pne w dw\u00f3ch rozmiarach Medium i Large<\/p>\n","protected":false},"featured_media":10621,"comment_status":"open","ping_status":"closed","template":"","meta":[],"product_cat":[23],"product_tag":[],"class_list":{"0":"post-11029","1":"product","2":"type-product","3":"status-publish","4":"has-post-thumbnail","6":"product_cat-dodatki-akcesoria-dla-dzieci","8":"first","9":"instock","10":"taxable","11":"shipping-taxable","12":"purchasable","13":"product-type-variable"},"jetpack_sharing_enabled":true,"_links":{"self":[{"href":"https:\/\/hiimkate.com\/index.php\/wp-json\/wp\/v2\/product\/11029"}],"collection":[{"href":"https:\/\/hiimkate.com\/index.php\/wp-json\/wp\/v2\/product"}],"about":[{"href":"https:\/\/hiimkate.com\/index.php\/wp-json\/wp\/v2\/types\/product"}],"replies":[{"embeddable":true,"href":"https:\/\/hiimkate.com\/index.php\/wp-json\/wp\/v2\/comments?post=11029"}],"wp:featuredmedia":[{"embeddable":true,"href":"https:\/\/hiimkate.com\/index.php\/wp-json\/wp\/v2\/media\/10621"}],"wp:attachment":[{"href":"https:\/\/hiimkate.com\/index.php\/wp-json\/wp\/v2\/media?parent=11029"}],"wp:term":[{"taxonomy":"product_cat","embeddable":true,"href":"https:\/\/hiimkate.com\/index.php\/wp-json\/wp\/v2\/product_cat?post=11029"},{"taxonomy":"product_tag","embeddable":true,"href":"https:\/\/hiimkate.com\/index.php\/wp-json\/wp\/v2\/product_tag?post=11029"}],"curies":[{"name":"wp","href":"https:\/\/api.w.org\/{rel}","templated":true}]}}