{"id":10978,"date":"2024-02-24T10:43:06","date_gmt":"2024-02-24T09:43:06","guid":{"rendered":"https:\/\/hiimkate.com\/?post_type=product&#038;p=10978"},"modified":"2024-07-23T21:31:54","modified_gmt":"2024-07-23T19:31:54","slug":"vintage-princess-oatmeal-kolnierzyk","status":"publish","type":"product","link":"https:\/\/hiimkate.com\/index.php\/produkt\/vintage-princess-oatmeal-kolnierzyk\/","title":{"rendered":"Vintage Princess Oatmeal ko\u0142nierzyk"},"content":{"rendered":"","protected":false},"excerpt":{"rendered":"<p>Pi\u0119kny ko\u0142nierzyk collar premium w stylu retro\u00a0\ud83d\udc96<\/p>\n<p>Wykonany z lnu o jako\u015bci premium, atutem jest wspania\u0142a struktura materia\u0142u niezwykle delikatna \u2728<\/p>\n<p>Ko\u0142nierzyk jest z ty\u0142u zapinany na ozdobny guziczek per\u0142owy, z przodu zawi\u0105zywany jest koronkow\u0105 wst\u0105\u017ck\u0105<\/p>\n","protected":false},"featured_media":10982,"comment_status":"open","ping_status":"closed","template":"","meta":[],"product_cat":[240],"product_tag":[],"class_list":{"0":"post-10978","1":"product","2":"type-product","3":"status-publish","4":"has-post-thumbnail","6":"product_cat-kolnierzyki","8":"first","9":"instock","10":"taxable","11":"shipping-taxable","12":"purchasable","13":"product-type-variable"},"jetpack_sharing_enabled":true,"_links":{"self":[{"href":"https:\/\/hiimkate.com\/index.php\/wp-json\/wp\/v2\/product\/10978"}],"collection":[{"href":"https:\/\/hiimkate.com\/index.php\/wp-json\/wp\/v2\/product"}],"about":[{"href":"https:\/\/hiimkate.com\/index.php\/wp-json\/wp\/v2\/types\/product"}],"replies":[{"embeddable":true,"href":"https:\/\/hiimkate.com\/index.php\/wp-json\/wp\/v2\/comments?post=10978"}],"wp:featuredmedia":[{"embeddable":true,"href":"https:\/\/hiimkate.com\/index.php\/wp-json\/wp\/v2\/media\/10982"}],"wp:attachment":[{"href":"https:\/\/hiimkate.com\/index.php\/wp-json\/wp\/v2\/media?parent=10978"}],"wp:term":[{"taxonomy":"product_cat","embeddable":true,"href":"https:\/\/hiimkate.com\/index.php\/wp-json\/wp\/v2\/product_cat?post=10978"},{"taxonomy":"product_tag","embeddable":true,"href":"https:\/\/hiimkate.com\/index.php\/wp-json\/wp\/v2\/product_tag?post=10978"}],"curies":[{"name":"wp","href":"https:\/\/api.w.org\/{rel}","templated":true}]}}