{"id":3970,"date":"2021-11-20T17:26:30","date_gmt":"2021-11-20T16:26:30","guid":{"rendered":"https:\/\/hiimkate.com\/?page_id=3970"},"modified":"2021-12-03T09:18:53","modified_gmt":"2021-12-03T08:18:53","slug":"polityka-prywatnosci","status":"publish","type":"page","link":"https:\/\/hiimkate.com\/index.php\/polityka-prywatnosci\/","title":{"rendered":"Polityka prywatno\u015bci"},"content":{"rendered":"<ol class=\"wp-block-list\"><li><strong>Zakres przetwarzanych danych. <br><\/strong>Administrator, za po\u015brednictwem Serwisu oraz innych form komunikacji zbiera i przetwarza poni\u017cej<br>wyszczeg\u00f3lnione dane osobowe U\u017cytkownik\u00f3w przekazywane podczas proces\u00f3w rejestracji w Serwisie:<br>imi\u0119 i nazwisko, adres zamieszkania, adres e-mail, numer telefonu.<\/li><\/ol><ol class=\"wp-block-list\" start=\"2\"><li><strong>Cel i czas przetwarzania danych.<br><\/strong>Przetwarzanie Pa\u0144stwa danych osobowych pozwala nam na \u015bwiadczenie us\u0142ug m.in. utrzymanie Pa\u0144stwa konta, realizowania zam\u00f3wie\u0144, kontakt zwi\u0105zany z wykonaniem umowy, a tak\u017ce przesy\u0142anie informacji marketingowych (w tym&nbsp; newslettera).<br>Dane osobowe b\u0119d\u0105 przechowywane przez okres trwania umowy oraz na czas zgodny z obowi\u0105zuj\u0105cymi przepisami z uwzgl\u0119dnieniem przedawnienia roszcze\u0144 oraz zobowi\u0105za\u0144 podatkowych.<br>Dane osobowe na przetwarzanie, kt\u00f3rych wyrazili Pa\u0144stwo zgod\u0119 b\u0119d\u0105 przechowywane do czasu cofni\u0119cia przez Pa\u0144stwa zgody.<\/li><\/ol><ol class=\"wp-block-list\" start=\"3\"><li><strong>Informacja o prawie do przegl\u0105dania, poprawiania, kasowania danych osobowych .<br><\/strong>U\u017cytkownik w ka\u017cdej chwili ma prawo wgl\u0105du i zmiany swoich danych osobowych, a tak\u017ce \u017c\u0105dania od Administratora niezw\u0142ocznego ich usuni\u0119cia (\u201eprawo do zapomnienia\u201d).<\/li><\/ol><ol class=\"wp-block-list\" start=\"4\"><li><strong>Mo\u017cliwo\u015b\u0107 sk\u0142adania \u017c\u0105dania z zakresu informacji o danych lub ich przetwarzania w formieelektronicznej<\/strong>.<br>\u017b\u0105dania z zakresu przetwarzania danych osobowych mog\u0105 Pa\u0144stwo zg\u0142asza\u0107 mailowo na adres administratora danych: <a href=\"mailto:katarzyna.niksinska@icloud.com\">katarzyna.niksinska@icloud.com<\/a><\/li><\/ol><ol class=\"wp-block-list\" start=\"5\"><li><strong>W przypadku przesy\u0142ania danych osobowych do odr\u0119bnego podmiotu lub otrzymywania ich z zewn\u0119trznego \u017ar\u00f3d\u0142a \u2013 wyra\u017ana informacja na ten temat.<\/strong><br>Twoje dane osobowe mog\u0105 by\u0107 przekazywane operatorowi p\u0142atno\u015bci oraz firmie kurierskiej.<br><\/li><li><strong>Zobowi\u0105zanie do zachowania przestrzegania tajemnicy zwi\u0105zanej z danymi oraz ich<\/strong> <strong>nale\u017cytego zabezpieczenia.<\/strong><br>Administrator zobowi\u0105zuje si\u0119 do do\u0142o\u017cenia stara\u0144 w celu zachowania nale\u017cytego zabezpieczenia danych<br>osobowych Klienta.<\/li><\/ol><ol class=\"wp-block-list\" start=\"7\" id=\"block-8a7a3e06-90d9-435a-86b4-1bbd61507612\"><li><strong>Informacja o prawie klienta do wniesienia skargi do organu nadzorczego, kt\u00f3rym jest Prezes Urz\u0119du Ochrony Danych Osobowych.<\/strong><br>Maj\u0105 Pa\u0144stwo prawo wniesienia skargi do organu nadzorczego zajmuj\u0105cego si\u0119 ochron\u0105 danych osobowych \u2013 Prezesa Urz\u0119du Ochrony Danych Osobowych.<br><\/li><li><strong>Dane podmiotu przetwarzaj\u0105cego dane osobowe<\/strong>.<br>KATARZYNA NIKSI\u0143SKA, NIP: 5252834457<br>Adres ul. Lewartowskiego 22\/34, 00-169 Warszawa.<br><\/li><li>W sprawach nieuregulowanych regulaminem zastosowanie maj\u0105 postanowienia Kodeksu cywilnego i odpowiednich ustaw prawa polskiego, a tak\u017ce prawa Unii Europejskiej, w szczeg\u00f3lno\u015bci RODO (Rozporz\u0105dzenie Parlamentu Europejskiego i Rady (UE) 2016\/679 z dnia 27 kwietnia 2016 r. w sprawie ochrony os\u00f3b fizycznych w zwi\u0105zku z przetwarzaniem danych osobowych i w sprawie swobodnego przep\u0142ywu takich danych oraz uchylenia dyrektywy 95\/46\/WE).<\/li><\/ol>","protected":false},"excerpt":{"rendered":"<p>Zakres przetwarzanych danych. Administrator, za po\u015brednictwem Serwisu oraz innych form komunikacji zbiera i przetwarza poni\u017cejwyszczeg\u00f3lnione dane osobowe U\u017cytkownik\u00f3w przekazywane podczas proces\u00f3w rejestracji w Serwisie:imi\u0119 i nazwisko, adres zamieszkania, adres e-mail, numer telefonu. Cel i czas przetwarzania danych.Przetwarzanie Pa\u0144stwa danych osobowych pozwala nam na \u015bwiadczenie us\u0142ug m.in. utrzymanie Pa\u0144stwa konta, realizowania zam\u00f3wie\u0144, kontakt zwi\u0105zany z wykonaniem umowy, a tak\u017ce przesy\u0142anie informacji marketingowych (w tym&nbsp; newslettera).Dane osobowe b\u0119d\u0105 przechowywane przez okres trwania umowy oraz na czas zgodny z obowi\u0105zuj\u0105cymi przepisami z uwzgl\u0119dnieniem &hellip; <\/p>\n","protected":false},"author":1,"featured_media":0,"parent":0,"menu_order":0,"comment_status":"closed","ping_status":"closed","template":"","meta":{"footnotes":""},"class_list":["post-3970","page","type-page","status-publish","hentry"],"jetpack_sharing_enabled":true,"_links":{"self":[{"href":"https:\/\/hiimkate.com\/index.php\/wp-json\/wp\/v2\/pages\/3970"}],"collection":[{"href":"https:\/\/hiimkate.com\/index.php\/wp-json\/wp\/v2\/pages"}],"about":[{"href":"https:\/\/hiimkate.com\/index.php\/wp-json\/wp\/v2\/types\/page"}],"author":[{"embeddable":true,"href":"https:\/\/hiimkate.com\/index.php\/wp-json\/wp\/v2\/users\/1"}],"replies":[{"embeddable":true,"href":"https:\/\/hiimkate.com\/index.php\/wp-json\/wp\/v2\/comments?post=3970"}],"version-history":[{"count":2,"href":"https:\/\/hiimkate.com\/index.php\/wp-json\/wp\/v2\/pages\/3970\/revisions"}],"predecessor-version":[{"id":4118,"href":"https:\/\/hiimkate.com\/index.php\/wp-json\/wp\/v2\/pages\/3970\/revisions\/4118"}],"wp:attachment":[{"href":"https:\/\/hiimkate.com\/index.php\/wp-json\/wp\/v2\/media?parent=3970"}],"curies":[{"name":"wp","href":"https:\/\/api.w.org\/{rel}","templated":true}]}}